{"id":504,"date":"2015-09-30T03:00:34","date_gmt":"2015-09-30T03:00:34","guid":{"rendered":"http:\/\/www.sathel.com.br\/en\/quem-somos\/"},"modified":"2025-11-21T16:14:01","modified_gmt":"2025-11-21T19:14:01","slug":"sathel","status":"publish","type":"page","link":"https:\/\/www.sathel.com.br\/en\/sathel\/","title":{"rendered":"About Us"},"content":{"rendered":"<div class=\"wpb-content-wrapper\"><p>[vc_row][vc_column][vc_row_inner][vc_column_inner][\/vc_column_inner][\/vc_row_inner][vc_row_inner][vc_column_inner width=&#8221;1\/2&#8243;][vc_custom_heading text=&#8221;We are the pioneers in Brazil.&#8221; font_container=&#8221;tag:h2|font_size:28|text_align:left|color:%23F26522&#8243; use_theme_fonts=&#8221;yes&#8221; css=&#8221;.vc_custom_1763750451450{margin-bottom: 0px !important;}&#8221;][vc_empty_space][vc_column_text css=&#8221;&#8221;]For over 50 years, SATHEL has invested in a commitment to innovation and offering its customers high-performance steam generation equipment and services at competitive prices.<\/p>\n<p>A genuinely Brazilian company, now focused on the RENTAL and SALE of medium and large-sized industrial boilers, SATHEL specializes in steam generation for process or cogeneration in industry.[\/vc_column_text][\/vc_column_inner][vc_column_inner width=&#8221;1\/2&#8243;][vc_single_image image=&#8221;115&#8243; img_size=&#8221;full&#8221; css=&#8221;&#8221;][\/vc_column_inner][\/vc_row_inner][vc_row_inner][vc_column_inner][vc_custom_heading text=&#8221;Come and discover our history.&#8221; font_container=&#8221;tag:h2|font_size:28|text_align:left|color:%23F26522&#8243; use_theme_fonts=&#8221;yes&#8221; css=&#8221;.vc_custom_1763751199665{margin-bottom: 0px !important;}&#8221;][vc_empty_space][\/vc_column_inner][\/vc_row_inner][vc_row_inner][vc_column_inner][vc_column_text css=&#8221;&#8221;]Founded in 1970, SATHEL was a pioneer in Brazil in being accredited as an INDEPENDENT PRODUCER of steam and electricity, always positioning itself with new strategies and creative solutions. Currently, it has a large stock of water-tube and fire-tube boilers for any industrial application, available for rental and sale, meeting various capacity, working pressure, and fuel requirements.<\/p>\n<p>Optionally, various customized complementary equipment can be included in the supply, such as economizers, deaerators, fuel tanks, water treatment, steam or fuel reducing stations (natural gas, LPG, gas alloy, COG, or oil), pumping, heating, and fuel oil transfer systems.<\/p>\n<p>Our boilers and steam plants can be contracted on a turnkey basis, encompassing complete engineering, from the selection, supply, and installation of all equipment necessary for perfect operation and integration with the plant. This can include system operation and maintenance, delivering steam to our clients in the distribution manifolds.<\/p>\n<p>With the know-how acquired over years of activity and its extensive equipment fleet, SATHEL is now in a privileged position in the industrial sector, acting as a supplier and lessor of boilers, especially in the mining, food, chemical, petrochemical, and pulp and paper sectors.[\/vc_column_text][\/vc_column_inner][\/vc_row_inner][\/vc_column][\/vc_row][vc_row full_width=&#8221;stretch_row&#8221; css=&#8221;.vc_custom_1759670540104{background-color: #F26522 !important;}&#8221;][vc_column][vc_row_inner][vc_column_inner width=&#8221;2\/3&#8243;][vc_column_text css=&#8221;&#8221;]Commitment to quality: ISO certified company.[\/vc_column_text][\/vc_column_inner][vc_column_inner width=&#8221;1\/3&#8243; css=&#8221;.vc_custom_1759670575239{margin-top: -5px !important;}&#8221;][vc_btn title=&#8221;LEARN MORE&#8221; style=&#8221;custom&#8221; custom_background=&#8221;#1D1663&#8243; custom_text=&#8221;#FFFFFF&#8221; align=&#8221;center&#8221; css=&#8221;&#8221; link=&#8221;url:%2Fiso9001%2F|title:ISO%209001%2F2015&#8243;][\/vc_column_inner][\/vc_row_inner][\/vc_column][\/vc_row][vc_row full_width=&#8221;stretch_row&#8221; css=&#8221;.vc_custom_1759670830564{background-color: #E7E8E9 !important;}&#8221;][vc_column][vc_row_inner][vc_column_inner width=&#8221;1\/3&#8243;][vc_custom_heading text=&#8221;Mission&#8221; font_container=&#8221;tag:h2|font_size:28|text_align:center|color:%23F26522&#8243; use_theme_fonts=&#8221;yes&#8221; css=&#8221;.vc_custom_1763751296640{margin-bottom: 0px !important;}&#8221;][vc_empty_space][vc_column_text css=&#8221;&#8221;]Providing complete steam generation solutions with safety, reliability, and respect for the environment.<\/p>\n<p>We operate with boiler rental and supply in a turnkey system, offering equipment, transportation, assembly, maintenance, and operation.<\/p>\n<p>With experience and a solid infrastructure, we serve sectors such as mining, food, chemical, petrochemical, and pulp and paper, always striving for customer satisfaction and continuous improvement.[\/vc_column_text][\/vc_column_inner][vc_column_inner width=&#8221;1\/3&#8243;][vc_custom_heading text=&#8221;Vision&#8221; font_container=&#8221;tag:h2|font_size:28|text_align:center|color:%23F26522&#8243; use_theme_fonts=&#8221;yes&#8221; css=&#8221;.vc_custom_1763751870369{margin-bottom: 0px !important;}&#8221;][vc_empty_space][vc_column_text css=&#8221;&#8221;]To be recognized as the leading Brazilian company in boiler rental and steam supply, standing out for quality, excellence in service, safety, and total reliability.[\/vc_column_text][\/vc_column_inner][vc_column_inner width=&#8221;1\/3&#8243;][vc_custom_heading text=&#8221;Values&#8221; font_container=&#8221;tag:h2|font_size:28|text_align:center|color:%23F26522&#8243; use_theme_fonts=&#8221;yes&#8221; css=&#8221;.vc_custom_1763751922937{margin-bottom: 0px !important;}&#8221;][vc_empty_space][vc_column_text css=&#8221;&#8221;]- Ethics in all actions<\/p>\n<p>&#8211; Commitment to safety and the environment<\/p>\n<p>&#8211; Transparent relationships with clients and suppliers<\/p>\n<p>&#8211; Continuous improvement of products and services<\/p>\n<p>&#8211; Valuing people and the work environment<\/p>\n<p>&#8211; Focus on sustainable growth and results[\/vc_column_text][\/vc_column_inner][\/vc_row_inner][\/vc_column][\/vc_row][vc_row][vc_column][vc_row_inner][vc_column_inner][vc_custom_heading text=&#8221;Ombudsman&#8221; font_container=&#8221;tag:h2|font_size:28|text_align:left|color:%23F26522&#8243; use_theme_fonts=&#8221;yes&#8221; css=&#8221;.vc_custom_1763752369545{margin-bottom: 0px !important;}&#8221;][vc_empty_space][vc_column_text css=&#8221;&#8221;]SATHEL provides here a channel for reporting complaints, grievances, and suggestions regarding issues related to the ethical principles that guide our company, with the aim of facilitating their compliance.<\/p>\n<p>Complaints may be external or internal to the company and must be based on concrete data and facts for competent investigation.<\/p>\n<p>The confidentiality of all contacts made to the complaint channel will be ensured: ouvidoria@sathel.com.br[\/vc_column_text][\/vc_column_inner][\/vc_row_inner][\/vc_column][\/vc_row]<\/p>\n<\/div>","protected":false},"excerpt":{"rendered":"<p>[vc_row][vc_column][vc_row_inner][vc_column_inner][\/vc_column_inner][\/vc_row_inner][vc_row_inner][vc_column_inner width=&#8221;1\/2&#8243;][vc_custom_heading text=&#8221;We are the pioneers in Brazil.&#8221; font_container=&#8221;tag:h2|font_size:28|text_align:left|color:%23F26522&#8243; use_theme_fonts=&#8221;yes&#8221; css=&#8221;.vc_custom_1763750451450{margin-bottom: 0px !important;}&#8221;][vc_empty_space][vc_column_text css=&#8221;&#8221;]For over 50 years, SATHEL has invested in a commitment to innovation and offering its customers high-performance steam generation equipment and services at competitive prices. A genuinely Brazilian company, now focused on the RENTAL and SALE of medium and large-sized industrial boilers, [&hellip;]<\/p>\n","protected":false},"author":1,"featured_media":0,"parent":0,"menu_order":0,"comment_status":"closed","ping_status":"closed","template":"","meta":{"_joinchat":[],"footnotes":""},"class_list":["post-504","page","type-page","status-publish","hentry"],"acf":[],"yoast_head":"<!-- This site is optimized with the Yoast SEO plugin v27.3 - https:\/\/yoast.com\/product\/yoast-seo-wordpress\/ -->\n<title>Sathel<\/title>\n<meta name=\"description\" content=\"A SATHEL disp\u00f5e de um grande estoque de Caldeiras aquatubulares e flamotubulares para qualquer aplica\u00e7\u00e3o industrial nas op\u00e7\u00f5es de loca\u00e7\u00e3o e vendas.\" \/>\n<meta name=\"robots\" content=\"index, follow, max-snippet:-1, max-image-preview:large, max-video-preview:-1\" \/>\n<link rel=\"canonical\" href=\"https:\/\/www.sathel.com.br\/en\/sathel\/\" \/>\n<meta property=\"og:locale\" content=\"en_US\" \/>\n<meta property=\"og:type\" content=\"article\" \/>\n<meta property=\"og:title\" content=\"Sathel\" \/>\n<meta property=\"og:description\" content=\"A SATHEL disp\u00f5e de um grande estoque de Caldeiras aquatubulares e flamotubulares para qualquer aplica\u00e7\u00e3o industrial nas op\u00e7\u00f5es de loca\u00e7\u00e3o e vendas.\" \/>\n<meta property=\"og:url\" content=\"https:\/\/www.sathel.com.br\/en\/sathel\/\" \/>\n<meta property=\"og:site_name\" content=\"Sathel Energia\" \/>\n<meta property=\"article:publisher\" content=\"https:\/\/www.facebook.com\/sathelcaldeiras\" \/>\n<meta property=\"article:modified_time\" content=\"2025-11-21T19:14:01+00:00\" \/>\n<meta name=\"twitter:card\" content=\"summary_large_image\" \/>\n<meta name=\"twitter:site\" content=\"@SathelEnergia\" \/>\n<meta name=\"twitter:label1\" content=\"Est. reading time\" \/>\n\t<meta name=\"twitter:data1\" content=\"4 minutes\" \/>\n<script type=\"application\/ld+json\" class=\"yoast-schema-graph\">{\"@context\":\"https:\\\/\\\/schema.org\",\"@graph\":[{\"@type\":\"WebPage\",\"@id\":\"https:\\\/\\\/www.sathel.com.br\\\/en\\\/sathel\\\/\",\"url\":\"https:\\\/\\\/www.sathel.com.br\\\/en\\\/sathel\\\/\",\"name\":\"Sathel\",\"isPartOf\":{\"@id\":\"https:\\\/\\\/www.sathel.com.br\\\/#website\"},\"datePublished\":\"2015-09-30T03:00:34+00:00\",\"dateModified\":\"2025-11-21T19:14:01+00:00\",\"description\":\"A SATHEL disp\u00f5e de um grande estoque de Caldeiras aquatubulares e flamotubulares para qualquer aplica\u00e7\u00e3o industrial nas op\u00e7\u00f5es de loca\u00e7\u00e3o e vendas.\",\"breadcrumb\":{\"@id\":\"https:\\\/\\\/www.sathel.com.br\\\/en\\\/sathel\\\/#breadcrumb\"},\"inLanguage\":\"en-US\",\"potentialAction\":[{\"@type\":\"ReadAction\",\"target\":[\"https:\\\/\\\/www.sathel.com.br\\\/en\\\/sathel\\\/\"]}]},{\"@type\":\"BreadcrumbList\",\"@id\":\"https:\\\/\\\/www.sathel.com.br\\\/en\\\/sathel\\\/#breadcrumb\",\"itemListElement\":[{\"@type\":\"ListItem\",\"position\":1,\"name\":\"In\u00edcio\",\"item\":\"https:\\\/\\\/www.sathel.com.br\\\/en\\\/\"},{\"@type\":\"ListItem\",\"position\":2,\"name\":\"About Us\"}]},{\"@type\":\"WebSite\",\"@id\":\"https:\\\/\\\/www.sathel.com.br\\\/#website\",\"url\":\"https:\\\/\\\/www.sathel.com.br\\\/\",\"name\":\"Sathel Energia\",\"description\":\"A SATHEL disp\u00f5e de um grande estoque de Caldeiras aquatubulares e flamotubulares para qualquer aplica\u00e7\u00e3o industrial nas op\u00e7\u00f5es de loca\u00e7\u00e3o e vendas atendendo diversas faixas de capacidade, press\u00e3o de trabalho e combust\u00edveis.\",\"potentialAction\":[{\"@type\":\"SearchAction\",\"target\":{\"@type\":\"EntryPoint\",\"urlTemplate\":\"https:\\\/\\\/www.sathel.com.br\\\/?s={search_term_string}\"},\"query-input\":{\"@type\":\"PropertyValueSpecification\",\"valueRequired\":true,\"valueName\":\"search_term_string\"}}],\"inLanguage\":\"en-US\"}]}<\/script>\n<!-- \/ Yoast SEO plugin. -->","yoast_head_json":{"title":"Sathel","description":"A SATHEL disp\u00f5e de um grande estoque de Caldeiras aquatubulares e flamotubulares para qualquer aplica\u00e7\u00e3o industrial nas op\u00e7\u00f5es de loca\u00e7\u00e3o e vendas.","robots":{"index":"index","follow":"follow","max-snippet":"max-snippet:-1","max-image-preview":"max-image-preview:large","max-video-preview":"max-video-preview:-1"},"canonical":"https:\/\/www.sathel.com.br\/en\/sathel\/","og_locale":"en_US","og_type":"article","og_title":"Sathel","og_description":"A SATHEL disp\u00f5e de um grande estoque de Caldeiras aquatubulares e flamotubulares para qualquer aplica\u00e7\u00e3o industrial nas op\u00e7\u00f5es de loca\u00e7\u00e3o e vendas.","og_url":"https:\/\/www.sathel.com.br\/en\/sathel\/","og_site_name":"Sathel Energia","article_publisher":"https:\/\/www.facebook.com\/sathelcaldeiras","article_modified_time":"2025-11-21T19:14:01+00:00","twitter_card":"summary_large_image","twitter_site":"@SathelEnergia","twitter_misc":{"Est. reading time":"4 minutes"},"schema":{"@context":"https:\/\/schema.org","@graph":[{"@type":"WebPage","@id":"https:\/\/www.sathel.com.br\/en\/sathel\/","url":"https:\/\/www.sathel.com.br\/en\/sathel\/","name":"Sathel","isPartOf":{"@id":"https:\/\/www.sathel.com.br\/#website"},"datePublished":"2015-09-30T03:00:34+00:00","dateModified":"2025-11-21T19:14:01+00:00","description":"A SATHEL disp\u00f5e de um grande estoque de Caldeiras aquatubulares e flamotubulares para qualquer aplica\u00e7\u00e3o industrial nas op\u00e7\u00f5es de loca\u00e7\u00e3o e vendas.","breadcrumb":{"@id":"https:\/\/www.sathel.com.br\/en\/sathel\/#breadcrumb"},"inLanguage":"en-US","potentialAction":[{"@type":"ReadAction","target":["https:\/\/www.sathel.com.br\/en\/sathel\/"]}]},{"@type":"BreadcrumbList","@id":"https:\/\/www.sathel.com.br\/en\/sathel\/#breadcrumb","itemListElement":[{"@type":"ListItem","position":1,"name":"In\u00edcio","item":"https:\/\/www.sathel.com.br\/en\/"},{"@type":"ListItem","position":2,"name":"About Us"}]},{"@type":"WebSite","@id":"https:\/\/www.sathel.com.br\/#website","url":"https:\/\/www.sathel.com.br\/","name":"Sathel Energia","description":"A SATHEL disp\u00f5e de um grande estoque de Caldeiras aquatubulares e flamotubulares para qualquer aplica\u00e7\u00e3o industrial nas op\u00e7\u00f5es de loca\u00e7\u00e3o e vendas atendendo diversas faixas de capacidade, press\u00e3o de trabalho e combust\u00edveis.","potentialAction":[{"@type":"SearchAction","target":{"@type":"EntryPoint","urlTemplate":"https:\/\/www.sathel.com.br\/?s={search_term_string}"},"query-input":{"@type":"PropertyValueSpecification","valueRequired":true,"valueName":"search_term_string"}}],"inLanguage":"en-US"}]}},"_links":{"self":[{"href":"https:\/\/www.sathel.com.br\/en\/wp-json\/wp\/v2\/pages\/504","targetHints":{"allow":["GET"]}}],"collection":[{"href":"https:\/\/www.sathel.com.br\/en\/wp-json\/wp\/v2\/pages"}],"about":[{"href":"https:\/\/www.sathel.com.br\/en\/wp-json\/wp\/v2\/types\/page"}],"author":[{"embeddable":true,"href":"https:\/\/www.sathel.com.br\/en\/wp-json\/wp\/v2\/users\/1"}],"replies":[{"embeddable":true,"href":"https:\/\/www.sathel.com.br\/en\/wp-json\/wp\/v2\/comments?post=504"}],"version-history":[{"count":23,"href":"https:\/\/www.sathel.com.br\/en\/wp-json\/wp\/v2\/pages\/504\/revisions"}],"predecessor-version":[{"id":5013,"href":"https:\/\/www.sathel.com.br\/en\/wp-json\/wp\/v2\/pages\/504\/revisions\/5013"}],"wp:attachment":[{"href":"https:\/\/www.sathel.com.br\/en\/wp-json\/wp\/v2\/media?parent=504"}],"curies":[{"name":"wp","href":"https:\/\/api.w.org\/{rel}","templated":true}]}}