{"id":5075,"date":"2026-01-29T14:56:28","date_gmt":"2026-01-29T17:56:28","guid":{"rendered":"https:\/\/www.sathel.com.br\/?page_id=5075"},"modified":"2026-02-09T07:33:12","modified_gmt":"2026-02-09T10:33:12","slug":"privacy-policy","status":"publish","type":"page","link":"https:\/\/www.sathel.com.br\/en\/privacy-policy\/","title":{"rendered":"Privacy Policy"},"content":{"rendered":"<div class=\"wpb-content-wrapper\"><p>[vc_row][vc_column][vc_column_text css=&#8221;&#8221;]<strong>Last updated:<\/strong> January 2026<\/p>\n<p>&nbsp;<\/p>\n<p>SATHEL Energia respects your privacy and is committed to protecting the personal data of its users. This Privacy Policy describes how we collect, use, store, and protect the information you provide when accessing the website https:\/\/www.sathel.com.br\/, in accordance with the General Data Protection Law (Law No. 13.709\/2018 \u2013 LGPD).<\/p>\n<p>&nbsp;<\/p>\n<p><strong>1. Collection of personal data<\/strong><br \/>\nWe collect personal data voluntarily provided by the user through contact forms, quote requests, or other means available on the website. This data may include:<br \/>\n&#8211; Full name<br \/>\n&#8211; Email<br \/>\n&#8211; Phone number<br \/>\n&#8211; Company<br \/>\n&#8211; Position or function<br \/>\nWe also automatically collect information related to browsing, such as IP address, browser type, pages accessed, date and time of access, and cookies.<\/p>\n<p>&nbsp;<\/p>\n<p><strong>2. Purpose of Data Use<\/strong><br \/>\nThe data collected is used to:<br \/>\n&#8211; Respond to requests and contacts made through the website<br \/>\n&#8211; Send requested information and communications<br \/>\n&#8211; Improve user experience and our services<br \/>\n&#8211; Comply with legal and regulatory obligations<\/p>\n<p>&nbsp;<\/p>\n<p><strong>3. Data Sharing<\/strong><br \/>\nSATHEL Energia does not sell personal data. Sharing may only occur when necessary to comply with legal obligations or with partners who assist in the operation of the website, always respecting the LGPD (Brazilian General Data Protection Law).<\/p>\n<p>&nbsp;<\/p>\n<p><strong>4. Cookies<\/strong><br \/>\nWe use cookies to improve navigation and analyze website performance. Users can disable cookies in their browser, aware that some functionalities may be limited.<\/p>\n<p>&nbsp;<\/p>\n<p><strong>5. Data Subject Rights<\/strong><br \/>\nThe data subject may request, at any time:<br \/>\n&#8211; Confirmation of the existence of processing<br \/>\n&#8211; Access to data<br \/>\n&#8211; Correction of incomplete or outdated data<br \/>\n&#8211; Deletion of data, when applicable<br \/>\n&#8211; Revocation of consent<\/p>\n<p>&nbsp;<\/p>\n<p><strong>6. Information Security<\/strong><br \/>\nWe adopt appropriate technical and organizational measures to protect personal data against unauthorized access, loss, or improper disclosure.<\/p>\n<p>&nbsp;<\/p>\n<p><strong>7. Data Retention<\/strong><br \/>\nPersonal data will be kept only for the period necessary to fulfill the purposes described in this policy or legal requirements.<\/p>\n<p>&nbsp;<\/p>\n<p><strong>8. Changes to this policy<\/strong><br \/>\nThis Privacy Policy may be updated at any time. We recommend that the user consult it periodically.<\/p>\n<p>&nbsp;<\/p>\n<p><strong>9. Contact<\/strong><br \/>\nFor questions or requests related to this Privacy Policy, please contact us by email: contato@sathel.com.br.[\/vc_column_text][\/vc_column][\/vc_row]<\/p>\n<\/div>","protected":false},"excerpt":{"rendered":"<p>[vc_row][vc_column][vc_column_text css=&#8221;&#8221;]Last updated: January 2026 &nbsp; SATHEL Energia respects your privacy and is committed to protecting the personal data of its users. This Privacy Policy describes how we collect, use, store, and protect the information you provide when accessing the website https:\/\/www.sathel.com.br\/, in accordance with the General Data Protection Law (Law No. 13.709\/2018 \u2013 LGPD). [&hellip;]<\/p>\n","protected":false},"author":1,"featured_media":0,"parent":0,"menu_order":0,"comment_status":"closed","ping_status":"closed","template":"","meta":{"_joinchat":[],"footnotes":""},"class_list":["post-5075","page","type-page","status-publish","hentry"],"acf":[],"yoast_head":"<!-- This site is optimized with the Yoast SEO plugin v27.3 - https:\/\/yoast.com\/product\/yoast-seo-wordpress\/ -->\n<title>Privacy Policy &#187; Sathel Energia<\/title>\n<meta name=\"robots\" content=\"index, follow, max-snippet:-1, max-image-preview:large, max-video-preview:-1\" \/>\n<link rel=\"canonical\" href=\"https:\/\/www.sathel.com.br\/en\/privacy-policy\/\" \/>\n<meta property=\"og:locale\" content=\"en_US\" \/>\n<meta property=\"og:type\" content=\"article\" \/>\n<meta property=\"og:title\" content=\"Privacy Policy &#187; Sathel Energia\" \/>\n<meta property=\"og:description\" content=\"[vc_row][vc_column][vc_column_text css=&#8221;&#8221;]Last updated: January 2026 &nbsp; SATHEL Energia respects your privacy and is committed to protecting the personal data of its users. This Privacy Policy describes how we collect, use, store, and protect the information you provide when accessing the website https:\/\/www.sathel.com.br\/, in accordance with the General Data Protection Law (Law No. 13.709\/2018 \u2013 LGPD). [&hellip;]\" \/>\n<meta property=\"og:url\" content=\"https:\/\/www.sathel.com.br\/en\/privacy-policy\/\" \/>\n<meta property=\"og:site_name\" content=\"Sathel Energia\" \/>\n<meta property=\"article:publisher\" content=\"https:\/\/www.facebook.com\/sathelcaldeiras\" \/>\n<meta property=\"article:modified_time\" content=\"2026-02-09T10:33:12+00:00\" \/>\n<meta name=\"twitter:card\" content=\"summary_large_image\" \/>\n<meta name=\"twitter:site\" content=\"@SathelEnergia\" \/>\n<meta name=\"twitter:label1\" content=\"Est. reading time\" \/>\n\t<meta name=\"twitter:data1\" content=\"2 minutes\" \/>\n<script type=\"application\/ld+json\" class=\"yoast-schema-graph\">{\"@context\":\"https:\\\/\\\/schema.org\",\"@graph\":[{\"@type\":\"WebPage\",\"@id\":\"https:\\\/\\\/www.sathel.com.br\\\/en\\\/privacy-policy\\\/\",\"url\":\"https:\\\/\\\/www.sathel.com.br\\\/en\\\/privacy-policy\\\/\",\"name\":\"Privacy Policy &#187; Sathel Energia\",\"isPartOf\":{\"@id\":\"https:\\\/\\\/www.sathel.com.br\\\/#website\"},\"datePublished\":\"2026-01-29T17:56:28+00:00\",\"dateModified\":\"2026-02-09T10:33:12+00:00\",\"breadcrumb\":{\"@id\":\"https:\\\/\\\/www.sathel.com.br\\\/en\\\/privacy-policy\\\/#breadcrumb\"},\"inLanguage\":\"en-US\",\"potentialAction\":[{\"@type\":\"ReadAction\",\"target\":[\"https:\\\/\\\/www.sathel.com.br\\\/en\\\/privacy-policy\\\/\"]}]},{\"@type\":\"BreadcrumbList\",\"@id\":\"https:\\\/\\\/www.sathel.com.br\\\/en\\\/privacy-policy\\\/#breadcrumb\",\"itemListElement\":[{\"@type\":\"ListItem\",\"position\":1,\"name\":\"In\u00edcio\",\"item\":\"https:\\\/\\\/www.sathel.com.br\\\/en\\\/\"},{\"@type\":\"ListItem\",\"position\":2,\"name\":\"Privacy Policy\"}]},{\"@type\":\"WebSite\",\"@id\":\"https:\\\/\\\/www.sathel.com.br\\\/#website\",\"url\":\"https:\\\/\\\/www.sathel.com.br\\\/\",\"name\":\"Sathel Energia\",\"description\":\"A SATHEL disp\u00f5e de um grande estoque de Caldeiras aquatubulares e flamotubulares para qualquer aplica\u00e7\u00e3o industrial nas op\u00e7\u00f5es de loca\u00e7\u00e3o e vendas atendendo diversas faixas de capacidade, press\u00e3o de trabalho e combust\u00edveis.\",\"potentialAction\":[{\"@type\":\"SearchAction\",\"target\":{\"@type\":\"EntryPoint\",\"urlTemplate\":\"https:\\\/\\\/www.sathel.com.br\\\/?s={search_term_string}\"},\"query-input\":{\"@type\":\"PropertyValueSpecification\",\"valueRequired\":true,\"valueName\":\"search_term_string\"}}],\"inLanguage\":\"en-US\"}]}<\/script>\n<!-- \/ Yoast SEO plugin. -->","yoast_head_json":{"title":"Privacy Policy &#187; Sathel Energia","robots":{"index":"index","follow":"follow","max-snippet":"max-snippet:-1","max-image-preview":"max-image-preview:large","max-video-preview":"max-video-preview:-1"},"canonical":"https:\/\/www.sathel.com.br\/en\/privacy-policy\/","og_locale":"en_US","og_type":"article","og_title":"Privacy Policy &#187; Sathel Energia","og_description":"[vc_row][vc_column][vc_column_text css=&#8221;&#8221;]Last updated: January 2026 &nbsp; SATHEL Energia respects your privacy and is committed to protecting the personal data of its users. This Privacy Policy describes how we collect, use, store, and protect the information you provide when accessing the website https:\/\/www.sathel.com.br\/, in accordance with the General Data Protection Law (Law No. 13.709\/2018 \u2013 LGPD). [&hellip;]","og_url":"https:\/\/www.sathel.com.br\/en\/privacy-policy\/","og_site_name":"Sathel Energia","article_publisher":"https:\/\/www.facebook.com\/sathelcaldeiras","article_modified_time":"2026-02-09T10:33:12+00:00","twitter_card":"summary_large_image","twitter_site":"@SathelEnergia","twitter_misc":{"Est. reading time":"2 minutes"},"schema":{"@context":"https:\/\/schema.org","@graph":[{"@type":"WebPage","@id":"https:\/\/www.sathel.com.br\/en\/privacy-policy\/","url":"https:\/\/www.sathel.com.br\/en\/privacy-policy\/","name":"Privacy Policy &#187; Sathel Energia","isPartOf":{"@id":"https:\/\/www.sathel.com.br\/#website"},"datePublished":"2026-01-29T17:56:28+00:00","dateModified":"2026-02-09T10:33:12+00:00","breadcrumb":{"@id":"https:\/\/www.sathel.com.br\/en\/privacy-policy\/#breadcrumb"},"inLanguage":"en-US","potentialAction":[{"@type":"ReadAction","target":["https:\/\/www.sathel.com.br\/en\/privacy-policy\/"]}]},{"@type":"BreadcrumbList","@id":"https:\/\/www.sathel.com.br\/en\/privacy-policy\/#breadcrumb","itemListElement":[{"@type":"ListItem","position":1,"name":"In\u00edcio","item":"https:\/\/www.sathel.com.br\/en\/"},{"@type":"ListItem","position":2,"name":"Privacy Policy"}]},{"@type":"WebSite","@id":"https:\/\/www.sathel.com.br\/#website","url":"https:\/\/www.sathel.com.br\/","name":"Sathel Energia","description":"A SATHEL disp\u00f5e de um grande estoque de Caldeiras aquatubulares e flamotubulares para qualquer aplica\u00e7\u00e3o industrial nas op\u00e7\u00f5es de loca\u00e7\u00e3o e vendas atendendo diversas faixas de capacidade, press\u00e3o de trabalho e combust\u00edveis.","potentialAction":[{"@type":"SearchAction","target":{"@type":"EntryPoint","urlTemplate":"https:\/\/www.sathel.com.br\/?s={search_term_string}"},"query-input":{"@type":"PropertyValueSpecification","valueRequired":true,"valueName":"search_term_string"}}],"inLanguage":"en-US"}]}},"_links":{"self":[{"href":"https:\/\/www.sathel.com.br\/en\/wp-json\/wp\/v2\/pages\/5075","targetHints":{"allow":["GET"]}}],"collection":[{"href":"https:\/\/www.sathel.com.br\/en\/wp-json\/wp\/v2\/pages"}],"about":[{"href":"https:\/\/www.sathel.com.br\/en\/wp-json\/wp\/v2\/types\/page"}],"author":[{"embeddable":true,"href":"https:\/\/www.sathel.com.br\/en\/wp-json\/wp\/v2\/users\/1"}],"replies":[{"embeddable":true,"href":"https:\/\/www.sathel.com.br\/en\/wp-json\/wp\/v2\/comments?post=5075"}],"version-history":[{"count":4,"href":"https:\/\/www.sathel.com.br\/en\/wp-json\/wp\/v2\/pages\/5075\/revisions"}],"predecessor-version":[{"id":5114,"href":"https:\/\/www.sathel.com.br\/en\/wp-json\/wp\/v2\/pages\/5075\/revisions\/5114"}],"wp:attachment":[{"href":"https:\/\/www.sathel.com.br\/en\/wp-json\/wp\/v2\/media?parent=5075"}],"curies":[{"name":"wp","href":"https:\/\/api.w.org\/{rel}","templated":true}]}}