{"id":1208,"date":"2016-12-16T13:34:46","date_gmt":"2016-12-16T16:34:46","guid":{"rendered":"http:\/\/www.sathel.com.br\/manutencao-de-caldeiras\/"},"modified":"2024-10-03T15:29:39","modified_gmt":"2024-10-03T18:29:39","slug":"mantenimiento-de-calderas","status":"publish","type":"page","link":"https:\/\/www.sathel.com.br\/es\/mantenimiento-de-calderas\/","title":{"rendered":"Mantenimiento de calderas"},"content":{"rendered":"<h2><span style=\"color: #fd5a23;\"><strong>Mantenimiento de calderas<\/strong><\/span><\/h2>\n<p>Con mas de 50 a\u00f1os de experiencia en el campo de la generaci\u00f3n de vapor, manteniendo y operando su flota de calderas de alquiler, el <strong>SATHEL<\/strong> ahora pone a disposici\u00f3n de sus clientes la inspecci\u00f3n, renovaci\u00f3n y <strong>mantenimiento de calderas<\/strong>, que se puede realizar en las instalaciones o en <strong>SATHEL<\/strong>.<\/p>\n<p>&nbsp;<\/p>\n<p>Nuestro \u00e1mbito de los servicios puede incluir la renovaci\u00f3n parcial o total de calderas pirotubulares y acuotubulares, incluyendo la reparaci\u00f3n o reemplazo de tuber\u00edas, espejos, hornos, refractarios, aislamientos y placas, as\u00ed como la pintura y el acabado.<\/p>\n<p>&nbsp;<\/p>\n<p>En paralelo, el <strong>SATHEL<\/strong> ofrece servicios de evaluaci\u00f3n, actualizaci\u00f3n y mejoras de los sistemas de generaci\u00f3n de vapor siempre en busca de la mejor relaci\u00f3n calidad-precio, combinada con la seguridad y el rendimiento. Entre estos servicios se encuentran: la modernizaci\u00f3n de la instrumentaci\u00f3n, control y seguridad de las calderas, la conversi\u00f3n de petr\u00f3leo a gas, as\u00ed como la adecuaci\u00f3n de la instalaci\u00f3n con la NBR 12313, la inspecci\u00f3n NR13 y estandarizaci\u00f3n de los procedimientos de operaci\u00f3n<\/p>\n\n<div class=\"wp-block-image\">\n<figure class=\"aligncenter size-full is-resized\"><img loading=\"lazy\" decoding=\"async\" width=\"640\" height=\"255\" src=\"https:\/\/www.sathel.com.br\/wp-content\/uploads\/2015\/09\/SATHEL-FLAMO-LONG-LONG.jpg\" alt=\"SATHEL - Cotia\/SP\" class=\"wp-image-3949\" style=\"width:498px;height:auto\"\/><\/figure>\n<\/div>","protected":false},"excerpt":{"rendered":"<p>Mantenimiento de calderas Con mas de 50 a\u00f1os de experiencia en el campo de la generaci\u00f3n de vapor, manteniendo y operando su flota de calderas de alquiler, el SATHEL ahora pone a disposici\u00f3n de sus clientes la inspecci\u00f3n, renovaci\u00f3n y mantenimiento de calderas, que se puede realizar en las instalaciones o en SATHEL. &nbsp; Nuestro [&hellip;]<\/p>\n","protected":false},"author":1,"featured_media":0,"parent":0,"menu_order":0,"comment_status":"closed","ping_status":"closed","template":"","meta":{"_joinchat":[],"footnotes":""},"class_list":["post-1208","page","type-page","status-publish","hentry"],"acf":[],"yoast_head":"<!-- This site is optimized with the Yoast SEO plugin v27.3 - https:\/\/yoast.com\/product\/yoast-seo-wordpress\/ -->\n<title>Mantenimiento de calderas &#187; Sathel Energia<\/title>\n<meta name=\"description\" content=\"El SATHEL ahora pone a disposici\u00f3n de sus clientes la inspecci\u00f3n, renovaci\u00f3n y mantenimiento de calderas, que se puede realizar en SATHEL.\" \/>\n<meta name=\"robots\" content=\"index, follow, max-snippet:-1, max-image-preview:large, max-video-preview:-1\" \/>\n<link rel=\"canonical\" href=\"https:\/\/www.sathel.com.br\/manutencao-de-caldeiras\/\" \/>\n<meta property=\"og:locale\" content=\"es_ES\" \/>\n<meta property=\"og:type\" content=\"article\" \/>\n<meta property=\"og:title\" content=\"Mantenimiento de calderas &#187; Sathel Energia\" \/>\n<meta property=\"og:description\" content=\"El SATHEL ahora pone a disposici\u00f3n de sus clientes la inspecci\u00f3n, renovaci\u00f3n y mantenimiento de calderas, que se puede realizar en SATHEL.\" \/>\n<meta property=\"og:url\" content=\"https:\/\/www.sathel.com.br\/manutencao-de-caldeiras\/\" \/>\n<meta property=\"og:site_name\" content=\"Sathel Energia\" \/>\n<meta property=\"article:publisher\" content=\"https:\/\/www.facebook.com\/sathelcaldeiras\" \/>\n<meta property=\"article:modified_time\" content=\"2024-10-03T18:29:39+00:00\" \/>\n<meta property=\"og:image\" content=\"https:\/\/www.sathel.com.br\/wp-content\/uploads\/2015\/09\/SATHEL-FLAMO-LONG-LONG.jpg\" \/>\n\t<meta property=\"og:image:width\" content=\"640\" \/>\n\t<meta property=\"og:image:height\" content=\"255\" \/>\n\t<meta property=\"og:image:type\" content=\"image\/jpeg\" \/>\n<meta name=\"twitter:card\" content=\"summary_large_image\" \/>\n<meta name=\"twitter:site\" content=\"@SathelEnergia\" \/>\n<meta name=\"twitter:label1\" content=\"Tiempo de lectura\" \/>\n\t<meta name=\"twitter:data1\" content=\"2 minutos\" \/>\n<script type=\"application\/ld+json\" class=\"yoast-schema-graph\">{\"@context\":\"https:\\\/\\\/schema.org\",\"@graph\":[{\"@type\":\"WebPage\",\"@id\":\"https:\\\/\\\/www.sathel.com.br\\\/manutencao-de-caldeiras\\\/\",\"url\":\"https:\\\/\\\/www.sathel.com.br\\\/manutencao-de-caldeiras\\\/\",\"name\":\"Mantenimiento de calderas &#187; Sathel Energia\",\"isPartOf\":{\"@id\":\"https:\\\/\\\/www.sathel.com.br\\\/#website\"},\"primaryImageOfPage\":{\"@id\":\"https:\\\/\\\/www.sathel.com.br\\\/manutencao-de-caldeiras\\\/#primaryimage\"},\"image\":{\"@id\":\"https:\\\/\\\/www.sathel.com.br\\\/manutencao-de-caldeiras\\\/#primaryimage\"},\"thumbnailUrl\":\"https:\\\/\\\/www.sathel.com.br\\\/wp-content\\\/uploads\\\/2015\\\/09\\\/SATHEL-FLAMO-LONG-LONG.jpg\",\"datePublished\":\"2016-12-16T16:34:46+00:00\",\"dateModified\":\"2024-10-03T18:29:39+00:00\",\"description\":\"El SATHEL ahora pone a disposici\u00f3n de sus clientes la inspecci\u00f3n, renovaci\u00f3n y mantenimiento de calderas, que se puede realizar en SATHEL.\",\"breadcrumb\":{\"@id\":\"https:\\\/\\\/www.sathel.com.br\\\/manutencao-de-caldeiras\\\/#breadcrumb\"},\"inLanguage\":\"es\",\"potentialAction\":[{\"@type\":\"ReadAction\",\"target\":[\"https:\\\/\\\/www.sathel.com.br\\\/manutencao-de-caldeiras\\\/\"]}]},{\"@type\":\"ImageObject\",\"inLanguage\":\"es\",\"@id\":\"https:\\\/\\\/www.sathel.com.br\\\/manutencao-de-caldeiras\\\/#primaryimage\",\"url\":\"https:\\\/\\\/www.sathel.com.br\\\/wp-content\\\/uploads\\\/2015\\\/09\\\/SATHEL-FLAMO-LONG-LONG.jpg\",\"contentUrl\":\"https:\\\/\\\/www.sathel.com.br\\\/wp-content\\\/uploads\\\/2015\\\/09\\\/SATHEL-FLAMO-LONG-LONG.jpg\"},{\"@type\":\"BreadcrumbList\",\"@id\":\"https:\\\/\\\/www.sathel.com.br\\\/manutencao-de-caldeiras\\\/#breadcrumb\",\"itemListElement\":[{\"@type\":\"ListItem\",\"position\":1,\"name\":\"In\u00edcio\",\"item\":\"https:\\\/\\\/www.sathel.com.br\\\/es\\\/\"},{\"@type\":\"ListItem\",\"position\":2,\"name\":\"Mantenimiento de calderas\"}]},{\"@type\":\"WebSite\",\"@id\":\"https:\\\/\\\/www.sathel.com.br\\\/#website\",\"url\":\"https:\\\/\\\/www.sathel.com.br\\\/\",\"name\":\"Sathel Energia\",\"description\":\"A SATHEL disp\u00f5e de um grande estoque de Caldeiras aquatubulares e flamotubulares para qualquer aplica\u00e7\u00e3o industrial nas op\u00e7\u00f5es de loca\u00e7\u00e3o e vendas atendendo diversas faixas de capacidade, press\u00e3o de trabalho e combust\u00edveis.\",\"potentialAction\":[{\"@type\":\"SearchAction\",\"target\":{\"@type\":\"EntryPoint\",\"urlTemplate\":\"https:\\\/\\\/www.sathel.com.br\\\/?s={search_term_string}\"},\"query-input\":{\"@type\":\"PropertyValueSpecification\",\"valueRequired\":true,\"valueName\":\"search_term_string\"}}],\"inLanguage\":\"es\"}]}<\/script>\n<!-- \/ Yoast SEO plugin. -->","yoast_head_json":{"title":"Mantenimiento de calderas &#187; Sathel Energia","description":"El SATHEL ahora pone a disposici\u00f3n de sus clientes la inspecci\u00f3n, renovaci\u00f3n y mantenimiento de calderas, que se puede realizar en SATHEL.","robots":{"index":"index","follow":"follow","max-snippet":"max-snippet:-1","max-image-preview":"max-image-preview:large","max-video-preview":"max-video-preview:-1"},"canonical":"https:\/\/www.sathel.com.br\/manutencao-de-caldeiras\/","og_locale":"es_ES","og_type":"article","og_title":"Mantenimiento de calderas &#187; Sathel Energia","og_description":"El SATHEL ahora pone a disposici\u00f3n de sus clientes la inspecci\u00f3n, renovaci\u00f3n y mantenimiento de calderas, que se puede realizar en SATHEL.","og_url":"https:\/\/www.sathel.com.br\/manutencao-de-caldeiras\/","og_site_name":"Sathel Energia","article_publisher":"https:\/\/www.facebook.com\/sathelcaldeiras","article_modified_time":"2024-10-03T18:29:39+00:00","og_image":[{"width":640,"height":255,"url":"https:\/\/www.sathel.com.br\/wp-content\/uploads\/2015\/09\/SATHEL-FLAMO-LONG-LONG.jpg","type":"image\/jpeg"}],"twitter_card":"summary_large_image","twitter_site":"@SathelEnergia","twitter_misc":{"Tiempo de lectura":"2 minutos"},"schema":{"@context":"https:\/\/schema.org","@graph":[{"@type":"WebPage","@id":"https:\/\/www.sathel.com.br\/manutencao-de-caldeiras\/","url":"https:\/\/www.sathel.com.br\/manutencao-de-caldeiras\/","name":"Mantenimiento de calderas &#187; Sathel Energia","isPartOf":{"@id":"https:\/\/www.sathel.com.br\/#website"},"primaryImageOfPage":{"@id":"https:\/\/www.sathel.com.br\/manutencao-de-caldeiras\/#primaryimage"},"image":{"@id":"https:\/\/www.sathel.com.br\/manutencao-de-caldeiras\/#primaryimage"},"thumbnailUrl":"https:\/\/www.sathel.com.br\/wp-content\/uploads\/2015\/09\/SATHEL-FLAMO-LONG-LONG.jpg","datePublished":"2016-12-16T16:34:46+00:00","dateModified":"2024-10-03T18:29:39+00:00","description":"El SATHEL ahora pone a disposici\u00f3n de sus clientes la inspecci\u00f3n, renovaci\u00f3n y mantenimiento de calderas, que se puede realizar en SATHEL.","breadcrumb":{"@id":"https:\/\/www.sathel.com.br\/manutencao-de-caldeiras\/#breadcrumb"},"inLanguage":"es","potentialAction":[{"@type":"ReadAction","target":["https:\/\/www.sathel.com.br\/manutencao-de-caldeiras\/"]}]},{"@type":"ImageObject","inLanguage":"es","@id":"https:\/\/www.sathel.com.br\/manutencao-de-caldeiras\/#primaryimage","url":"https:\/\/www.sathel.com.br\/wp-content\/uploads\/2015\/09\/SATHEL-FLAMO-LONG-LONG.jpg","contentUrl":"https:\/\/www.sathel.com.br\/wp-content\/uploads\/2015\/09\/SATHEL-FLAMO-LONG-LONG.jpg"},{"@type":"BreadcrumbList","@id":"https:\/\/www.sathel.com.br\/manutencao-de-caldeiras\/#breadcrumb","itemListElement":[{"@type":"ListItem","position":1,"name":"In\u00edcio","item":"https:\/\/www.sathel.com.br\/es\/"},{"@type":"ListItem","position":2,"name":"Mantenimiento de calderas"}]},{"@type":"WebSite","@id":"https:\/\/www.sathel.com.br\/#website","url":"https:\/\/www.sathel.com.br\/","name":"Sathel Energia","description":"A SATHEL disp\u00f5e de um grande estoque de Caldeiras aquatubulares e flamotubulares para qualquer aplica\u00e7\u00e3o industrial nas op\u00e7\u00f5es de loca\u00e7\u00e3o e vendas atendendo diversas faixas de capacidade, press\u00e3o de trabalho e combust\u00edveis.","potentialAction":[{"@type":"SearchAction","target":{"@type":"EntryPoint","urlTemplate":"https:\/\/www.sathel.com.br\/?s={search_term_string}"},"query-input":{"@type":"PropertyValueSpecification","valueRequired":true,"valueName":"search_term_string"}}],"inLanguage":"es"}]}},"_links":{"self":[{"href":"https:\/\/www.sathel.com.br\/es\/wp-json\/wp\/v2\/pages\/1208","targetHints":{"allow":["GET"]}}],"collection":[{"href":"https:\/\/www.sathel.com.br\/es\/wp-json\/wp\/v2\/pages"}],"about":[{"href":"https:\/\/www.sathel.com.br\/es\/wp-json\/wp\/v2\/types\/page"}],"author":[{"embeddable":true,"href":"https:\/\/www.sathel.com.br\/es\/wp-json\/wp\/v2\/users\/1"}],"replies":[{"embeddable":true,"href":"https:\/\/www.sathel.com.br\/es\/wp-json\/wp\/v2\/comments?post=1208"}],"version-history":[{"count":6,"href":"https:\/\/www.sathel.com.br\/es\/wp-json\/wp\/v2\/pages\/1208\/revisions"}],"predecessor-version":[{"id":4388,"href":"https:\/\/www.sathel.com.br\/es\/wp-json\/wp\/v2\/pages\/1208\/revisions\/4388"}],"wp:attachment":[{"href":"https:\/\/www.sathel.com.br\/es\/wp-json\/wp\/v2\/media?parent=1208"}],"curies":[{"name":"wp","href":"https:\/\/api.w.org\/{rel}","templated":true}]}}