{"id":505,"date":"2015-09-30T03:00:34","date_gmt":"2015-09-30T03:00:34","guid":{"rendered":"http:\/\/www.sathel.com.br\/es\/quem-somos\/"},"modified":"2025-11-22T09:36:00","modified_gmt":"2025-11-22T12:36:00","slug":"sathel","status":"publish","type":"page","link":"https:\/\/www.sathel.com.br\/es\/sathel\/","title":{"rendered":"Qui\u00e9n Somos"},"content":{"rendered":"<div class=\"wpb-content-wrapper\"><p>[vc_row][vc_column][vc_row_inner][vc_column_inner][\/vc_column_inner][\/vc_row_inner][vc_row_inner][vc_column_inner width=\u00bb1\/2&#8243;][vc_custom_heading text=\u00bbSomos pioneros en Brasil.\u00bb font_container=\u00bbtag:h2|font_size:28|text_align:left|color:%23F26522&#8243; use_theme_fonts=\u00bbyes\u00bb css=\u00bb.vc_custom_1763814385780{margin-bottom: 0px !important;}\u00bb][vc_empty_space][vc_column_text css=\u00bb\u00bb]Durante m\u00e1s de 50 a\u00f1os, SATHEL ha apostado por la innovaci\u00f3n y ha ofrecido a sus clientes equipos y servicios de generaci\u00f3n de vapor de alto rendimiento a precios competitivos.<\/p>\n<p>SATHEL, una empresa brasile\u00f1a dedicada al alquiler y venta de calderas industriales de tama\u00f1o mediano y grande, se especializa en la generaci\u00f3n de vapor para procesos o cogeneraci\u00f3n en la industria.[\/vc_column_text][\/vc_column_inner][vc_column_inner width=\u00bb1\/2&#8243;][vc_single_image image=\u00bb115&#8243; img_size=\u00bbfull\u00bb css=\u00bb\u00bb][\/vc_column_inner][\/vc_row_inner][vc_row_inner][vc_column_inner][vc_custom_heading text=\u00bbVen y descubre nuestra historia.\u00bb font_container=\u00bbtag:h2|font_size:28|text_align:left|color:%23F26522&#8243; use_theme_fonts=\u00bbyes\u00bb css=\u00bb.vc_custom_1763814439060{margin-bottom: 0px !important;}\u00bb][vc_empty_space][\/vc_column_inner][\/vc_row_inner][vc_row_inner][vc_column_inner][vc_column_text css=\u00bb\u00bb]Fundada en 1970, SATHEL fue pionera en Brasil en obtener la acreditaci\u00f3n de PRODUCTOR INDEPENDIENTE de vapor y electricidad, posicion\u00e1ndose constantemente con nuevas estrategias y soluciones creativas. Actualmente, cuenta con un amplio stock de calderas acuotubulares y pirotubulares para cualquier aplicaci\u00f3n industrial, disponibles para alquiler y venta, que satisfacen diversas necesidades de capacidad, presi\u00f3n de trabajo y combustible.<\/p>\n<p>Opcionalmente, se pueden incluir en el suministro diversos equipos complementarios personalizados, como economizadores, desaireadores, tanques de combustible, tratamiento de agua, estaciones reductoras de vapor o combustible (gas natural, GLP, aleaci\u00f3n de gas, COG o petr\u00f3leo), sistemas de bombeo, calentamiento y transferencia de fueloil.<\/p>\n<p>Nuestras calderas y plantas de vapor se pueden contratar llave en mano, abarcando la ingenier\u00eda completa, desde la selecci\u00f3n, el suministro y la instalaci\u00f3n de todos los equipos necesarios para su perfecto funcionamiento e integraci\u00f3n con la planta. Esto puede incluir la operaci\u00f3n y el mantenimiento del sistema, as\u00ed como el suministro de vapor a nuestros clientes en los colectores de distribuci\u00f3n.<\/p>\n<p>Gracias al saber hacer adquirido durante a\u00f1os de actividad y a su amplio parque de equipos, SATHEL se sit\u00faa hoy en una posici\u00f3n privilegiada en el sector industrial, actuando como proveedor y arrendador de calderas, especialmente en los sectores minero, alimentario, qu\u00edmico, petroqu\u00edmico y de pulpa y papel.[\/vc_column_text][\/vc_column_inner][\/vc_row_inner][\/vc_column][\/vc_row][vc_row full_width=\u00bbstretch_row\u00bb css=\u00bb.vc_custom_1759670540104{background-color: #F26522 !important;}\u00bb][vc_column][vc_row_inner][vc_column_inner width=\u00bb2\/3&#8243;][vc_column_text css=\u00bb\u00bb]<\/p>\n<h3 style=\"text-align: center;\"><span style=\"color: #ffffff;\">Compromiso con la calidad: Empresa certificada ISO.<\/span><\/h3>\n<p>[\/vc_column_text][\/vc_column_inner][vc_column_inner width=\u00bb1\/3&#8243; css=\u00bb.vc_custom_1759670575239{margin-top: -5px !important;}\u00bb][vc_btn title=\u00bbM\u00c1S INFORMACI\u00d3N\u00bb style=\u00bbcustom\u00bb custom_background=\u00bb#1D1663&#8243; custom_text=\u00bb#FFFFFF\u00bb align=\u00bbcenter\u00bb css=\u00bb\u00bb link=\u00bburl:%2Fiso9001%2F|title:ISO%209001%2F2015&#8243;][\/vc_column_inner][\/vc_row_inner][\/vc_column][\/vc_row][vc_row full_width=\u00bbstretch_row\u00bb css=\u00bb.vc_custom_1759670830564{background-color: #E7E8E9 !important;}\u00bb][vc_column][vc_row_inner][vc_column_inner width=\u00bb1\/3&#8243;][vc_custom_heading text=\u00bbMisi\u00f3n\u00bb font_container=\u00bbtag:h2|font_size:28|text_align:center|color:%23F26522&#8243; use_theme_fonts=\u00bbyes\u00bb css=\u00bb.vc_custom_1763814545455{margin-bottom: 0px !important;}\u00bb][vc_empty_space][vc_column_text css=\u00bb\u00bb]<\/p>\n<p style=\"text-align: center;\">Ofrecemos soluciones integrales de generaci\u00f3n de vapor con seguridad, fiabilidad y respeto al medio ambiente.<\/p>\n<p style=\"text-align: center;\">Ofrecemos alquiler y suministro de calderas llave en mano, ofreciendo equipos, transporte, montaje, mantenimiento y operaci\u00f3n.<\/p>\n<p style=\"text-align: center;\">Con experiencia y una s\u00f3lida infraestructura, atendemos a sectores como la miner\u00eda, la alimentaci\u00f3n, la qu\u00edmica, la petroqu\u00edmica y la pulpa y el papel, buscando siempre la satisfacci\u00f3n del cliente y la mejora continua.<\/p>\n<p>[\/vc_column_text][\/vc_column_inner][vc_column_inner width=\u00bb1\/3&#8243;][vc_custom_heading text=\u00bbVisi\u00f3n\u00bb font_container=\u00bbtag:h2|font_size:28|text_align:center|color:%23F26522&#8243; use_theme_fonts=\u00bbyes\u00bb css=\u00bb.vc_custom_1763814577164{margin-bottom: 0px !important;}\u00bb][vc_empty_space][vc_column_text css=\u00bb\u00bb]<\/p>\n<p style=\"text-align: center;\">Ser reconocida como la empresa brasile\u00f1a l\u00edder en alquiler de calderas y suministro de vapor, destac\u00e1ndose por la calidad, excelencia en la atenci\u00f3n, seguridad y total confiabilidad.<\/p>\n<p>[\/vc_column_text][\/vc_column_inner][vc_column_inner width=\u00bb1\/3&#8243;][vc_custom_heading text=\u00bbValores\u00bb font_container=\u00bbtag:h2|font_size:28|text_align:center|color:%23F26522&#8243; use_theme_fonts=\u00bbyes\u00bb css=\u00bb.vc_custom_1763814751540{margin-bottom: 0px !important;}\u00bb][vc_empty_space][vc_column_text css=\u00bb\u00bb]<\/p>\n<p style=\"text-align: center;\">&#8211; \u00c9tica en todas nuestras acciones<\/p>\n<p style=\"text-align: center;\">&#8211; Compromiso con la seguridad y el medio ambiente<\/p>\n<p style=\"text-align: center;\">&#8211; Relaciones transparentes con clientes y proveedores<\/p>\n<p style=\"text-align: center;\">&#8211; Mejora continua de productos y servicios<\/p>\n<p style=\"text-align: center;\">&#8211; Valoraci\u00f3n de las personas y el entorno laboral<\/p>\n<p style=\"text-align: center;\">&#8211; Enfoque en el crecimiento sostenible y los resultados<\/p>\n<p>[\/vc_column_text][\/vc_column_inner][\/vc_row_inner][\/vc_column][\/vc_row][vc_row][vc_column][vc_row_inner][vc_column_inner][vc_custom_heading text=\u00bbDefensor del Pueblo\u00bb font_container=\u00bbtag:h2|font_size:28|text_align:left|color:%23F26522&#8243; use_theme_fonts=\u00bbyes\u00bb css=\u00bb.vc_custom_1763814848788{margin-bottom: 0px !important;}\u00bb][vc_empty_space][vc_column_text css=\u00bb\u00bb]SATHEL ofrece aqu\u00ed un canal para presentar quejas, reclamos y sugerencias sobre cuestiones relacionadas con los principios \u00e9ticos que rigen nuestra empresa, con el fin de facilitar su cumplimiento.<\/p>\n<p>&nbsp;<\/p>\n<p>Las quejas pueden ser externas o internas de la empresa y deben basarse en datos y hechos concretos para una investigaci\u00f3n competente.<\/p>\n<p>Se garantizar\u00e1 la confidencialidad de todos los contactos realizados a trav\u00e9s del canal de quejas: ouvidoria@sathel.com.br[\/vc_column_text][\/vc_column_inner][\/vc_row_inner][\/vc_column][\/vc_row]<\/p>\n<\/div>","protected":false},"excerpt":{"rendered":"<p>[vc_row][vc_column][vc_row_inner][vc_column_inner][\/vc_column_inner][\/vc_row_inner][vc_row_inner][vc_column_inner width=\u00bb1\/2&#8243;][vc_custom_heading text=\u00bbSomos pioneros en Brasil.\u00bb font_container=\u00bbtag:h2|font_size:28|text_align:left|color:%23F26522&#8243; use_theme_fonts=\u00bbyes\u00bb css=\u00bb.vc_custom_1763814385780{margin-bottom: 0px !important;}\u00bb][vc_empty_space][vc_column_text css=\u00bb\u00bb]Durante m\u00e1s de 50 a\u00f1os, SATHEL ha apostado por la innovaci\u00f3n y ha ofrecido a sus clientes equipos y servicios de generaci\u00f3n de vapor de alto rendimiento a precios competitivos. SATHEL, una empresa brasile\u00f1a dedicada al alquiler y venta de calderas industriales de tama\u00f1o [&hellip;]<\/p>\n","protected":false},"author":1,"featured_media":0,"parent":0,"menu_order":0,"comment_status":"closed","ping_status":"closed","template":"","meta":{"_joinchat":[],"footnotes":""},"class_list":["post-505","page","type-page","status-publish","hentry"],"acf":[],"yoast_head":"<!-- This site is optimized with the Yoast SEO plugin v27.3 - https:\/\/yoast.com\/product\/yoast-seo-wordpress\/ -->\n<title>Sathel<\/title>\n<meta name=\"description\" content=\"A SATHEL disp\u00f5e de um grande estoque de Caldeiras aquatubulares e flamotubulares para qualquer aplica\u00e7\u00e3o industrial nas op\u00e7\u00f5es de loca\u00e7\u00e3o e vendas.\" \/>\n<meta name=\"robots\" content=\"index, follow, max-snippet:-1, max-image-preview:large, max-video-preview:-1\" \/>\n<link rel=\"canonical\" href=\"https:\/\/www.sathel.com.br\/es\/sathel\/\" \/>\n<meta property=\"og:locale\" content=\"es_ES\" \/>\n<meta property=\"og:type\" content=\"article\" \/>\n<meta property=\"og:title\" content=\"Sathel\" \/>\n<meta property=\"og:description\" content=\"A SATHEL disp\u00f5e de um grande estoque de Caldeiras aquatubulares e flamotubulares para qualquer aplica\u00e7\u00e3o industrial nas op\u00e7\u00f5es de loca\u00e7\u00e3o e vendas.\" \/>\n<meta property=\"og:url\" content=\"https:\/\/www.sathel.com.br\/es\/sathel\/\" \/>\n<meta property=\"og:site_name\" content=\"Sathel Energia\" \/>\n<meta property=\"article:publisher\" content=\"https:\/\/www.facebook.com\/sathelcaldeiras\" \/>\n<meta property=\"article:modified_time\" content=\"2025-11-22T12:36:00+00:00\" \/>\n<meta name=\"twitter:card\" content=\"summary_large_image\" \/>\n<meta name=\"twitter:site\" content=\"@SathelEnergia\" \/>\n<meta name=\"twitter:label1\" content=\"Tiempo de lectura\" \/>\n\t<meta name=\"twitter:data1\" content=\"4 minutos\" \/>\n<script type=\"application\/ld+json\" class=\"yoast-schema-graph\">{\"@context\":\"https:\\\/\\\/schema.org\",\"@graph\":[{\"@type\":\"WebPage\",\"@id\":\"https:\\\/\\\/www.sathel.com.br\\\/es\\\/sathel\\\/\",\"url\":\"https:\\\/\\\/www.sathel.com.br\\\/es\\\/sathel\\\/\",\"name\":\"Sathel\",\"isPartOf\":{\"@id\":\"https:\\\/\\\/www.sathel.com.br\\\/#website\"},\"datePublished\":\"2015-09-30T03:00:34+00:00\",\"dateModified\":\"2025-11-22T12:36:00+00:00\",\"description\":\"A SATHEL disp\u00f5e de um grande estoque de Caldeiras aquatubulares e flamotubulares para qualquer aplica\u00e7\u00e3o industrial nas op\u00e7\u00f5es de loca\u00e7\u00e3o e vendas.\",\"breadcrumb\":{\"@id\":\"https:\\\/\\\/www.sathel.com.br\\\/es\\\/sathel\\\/#breadcrumb\"},\"inLanguage\":\"es\",\"potentialAction\":[{\"@type\":\"ReadAction\",\"target\":[\"https:\\\/\\\/www.sathel.com.br\\\/es\\\/sathel\\\/\"]}]},{\"@type\":\"BreadcrumbList\",\"@id\":\"https:\\\/\\\/www.sathel.com.br\\\/es\\\/sathel\\\/#breadcrumb\",\"itemListElement\":[{\"@type\":\"ListItem\",\"position\":1,\"name\":\"In\u00edcio\",\"item\":\"https:\\\/\\\/www.sathel.com.br\\\/es\\\/\"},{\"@type\":\"ListItem\",\"position\":2,\"name\":\"Qui\u00e9n Somos\"}]},{\"@type\":\"WebSite\",\"@id\":\"https:\\\/\\\/www.sathel.com.br\\\/#website\",\"url\":\"https:\\\/\\\/www.sathel.com.br\\\/\",\"name\":\"Sathel Energia\",\"description\":\"A SATHEL disp\u00f5e de um grande estoque de Caldeiras aquatubulares e flamotubulares para qualquer aplica\u00e7\u00e3o industrial nas op\u00e7\u00f5es de loca\u00e7\u00e3o e vendas atendendo diversas faixas de capacidade, press\u00e3o de trabalho e combust\u00edveis.\",\"potentialAction\":[{\"@type\":\"SearchAction\",\"target\":{\"@type\":\"EntryPoint\",\"urlTemplate\":\"https:\\\/\\\/www.sathel.com.br\\\/?s={search_term_string}\"},\"query-input\":{\"@type\":\"PropertyValueSpecification\",\"valueRequired\":true,\"valueName\":\"search_term_string\"}}],\"inLanguage\":\"es\"}]}<\/script>\n<!-- \/ Yoast SEO plugin. -->","yoast_head_json":{"title":"Sathel","description":"A SATHEL disp\u00f5e de um grande estoque de Caldeiras aquatubulares e flamotubulares para qualquer aplica\u00e7\u00e3o industrial nas op\u00e7\u00f5es de loca\u00e7\u00e3o e vendas.","robots":{"index":"index","follow":"follow","max-snippet":"max-snippet:-1","max-image-preview":"max-image-preview:large","max-video-preview":"max-video-preview:-1"},"canonical":"https:\/\/www.sathel.com.br\/es\/sathel\/","og_locale":"es_ES","og_type":"article","og_title":"Sathel","og_description":"A SATHEL disp\u00f5e de um grande estoque de Caldeiras aquatubulares e flamotubulares para qualquer aplica\u00e7\u00e3o industrial nas op\u00e7\u00f5es de loca\u00e7\u00e3o e vendas.","og_url":"https:\/\/www.sathel.com.br\/es\/sathel\/","og_site_name":"Sathel Energia","article_publisher":"https:\/\/www.facebook.com\/sathelcaldeiras","article_modified_time":"2025-11-22T12:36:00+00:00","twitter_card":"summary_large_image","twitter_site":"@SathelEnergia","twitter_misc":{"Tiempo de lectura":"4 minutos"},"schema":{"@context":"https:\/\/schema.org","@graph":[{"@type":"WebPage","@id":"https:\/\/www.sathel.com.br\/es\/sathel\/","url":"https:\/\/www.sathel.com.br\/es\/sathel\/","name":"Sathel","isPartOf":{"@id":"https:\/\/www.sathel.com.br\/#website"},"datePublished":"2015-09-30T03:00:34+00:00","dateModified":"2025-11-22T12:36:00+00:00","description":"A SATHEL disp\u00f5e de um grande estoque de Caldeiras aquatubulares e flamotubulares para qualquer aplica\u00e7\u00e3o industrial nas op\u00e7\u00f5es de loca\u00e7\u00e3o e vendas.","breadcrumb":{"@id":"https:\/\/www.sathel.com.br\/es\/sathel\/#breadcrumb"},"inLanguage":"es","potentialAction":[{"@type":"ReadAction","target":["https:\/\/www.sathel.com.br\/es\/sathel\/"]}]},{"@type":"BreadcrumbList","@id":"https:\/\/www.sathel.com.br\/es\/sathel\/#breadcrumb","itemListElement":[{"@type":"ListItem","position":1,"name":"In\u00edcio","item":"https:\/\/www.sathel.com.br\/es\/"},{"@type":"ListItem","position":2,"name":"Qui\u00e9n Somos"}]},{"@type":"WebSite","@id":"https:\/\/www.sathel.com.br\/#website","url":"https:\/\/www.sathel.com.br\/","name":"Sathel Energia","description":"A SATHEL disp\u00f5e de um grande estoque de Caldeiras aquatubulares e flamotubulares para qualquer aplica\u00e7\u00e3o industrial nas op\u00e7\u00f5es de loca\u00e7\u00e3o e vendas atendendo diversas faixas de capacidade, press\u00e3o de trabalho e combust\u00edveis.","potentialAction":[{"@type":"SearchAction","target":{"@type":"EntryPoint","urlTemplate":"https:\/\/www.sathel.com.br\/?s={search_term_string}"},"query-input":{"@type":"PropertyValueSpecification","valueRequired":true,"valueName":"search_term_string"}}],"inLanguage":"es"}]}},"_links":{"self":[{"href":"https:\/\/www.sathel.com.br\/es\/wp-json\/wp\/v2\/pages\/505","targetHints":{"allow":["GET"]}}],"collection":[{"href":"https:\/\/www.sathel.com.br\/es\/wp-json\/wp\/v2\/pages"}],"about":[{"href":"https:\/\/www.sathel.com.br\/es\/wp-json\/wp\/v2\/types\/page"}],"author":[{"embeddable":true,"href":"https:\/\/www.sathel.com.br\/es\/wp-json\/wp\/v2\/users\/1"}],"replies":[{"embeddable":true,"href":"https:\/\/www.sathel.com.br\/es\/wp-json\/wp\/v2\/comments?post=505"}],"version-history":[{"count":19,"href":"https:\/\/www.sathel.com.br\/es\/wp-json\/wp\/v2\/pages\/505\/revisions"}],"predecessor-version":[{"id":5024,"href":"https:\/\/www.sathel.com.br\/es\/wp-json\/wp\/v2\/pages\/505\/revisions\/5024"}],"wp:attachment":[{"href":"https:\/\/www.sathel.com.br\/es\/wp-json\/wp\/v2\/media?parent=505"}],"curies":[{"name":"wp","href":"https:\/\/api.w.org\/{rel}","templated":true}]}}