{"id":5066,"date":"2026-01-27T16:09:04","date_gmt":"2026-01-27T19:09:04","guid":{"rendered":"https:\/\/www.sathel.com.br\/?page_id=5066"},"modified":"2026-01-30T16:11:02","modified_gmt":"2026-01-30T19:11:02","slug":"trabaja-con-nosotros","status":"publish","type":"page","link":"https:\/\/www.sathel.com.br\/es\/trabaja-con-nosotros\/","title":{"rendered":"Trabaja con nosotros"},"content":{"rendered":"<div class=\"wpb-content-wrapper\"><p>[vc_row][vc_column]<div class=\"wpforms-container wpforms-container-full wpforms-render-modern\" id=\"wpforms-5085\"><form id=\"wpforms-form-5085\" class=\"wpforms-validate wpforms-form wpforms-ajax-form\" data-formid=\"5085\" method=\"post\" enctype=\"multipart\/form-data\" action=\"\/es\/wp-json\/wp\/v2\/pages\/5066?wpforms_form_id=5085\" data-token=\"0d7cccf04c170d04011802046d07e4d2\" data-token-time=\"1777647710\"><noscript class=\"wpforms-error-noscript\">Por favor, activa JavaScript en tu navegador para completar este formulario.<\/noscript><div class=\"wpforms-hidden\" id=\"wpforms-error-noscript\">Por favor, activa JavaScript en tu navegador para completar este formulario.<\/div><div class=\"wpforms-field-container\"><div id=\"wpforms-5085-field_1-container\" class=\"wpforms-field wpforms-field-text\" data-field-id=\"1\"><label class=\"wpforms-field-label\" for=\"wpforms-5085-field_1\">Nombre<\/label><input type=\"text\" id=\"wpforms-5085-field_1\" class=\"wpforms-field-large\" name=\"wpforms[fields][1]\" aria-errormessage=\"wpforms-5085-field_1-error\" ><\/div><div id=\"wpforms-5085-field_2-container\" class=\"wpforms-field wpforms-field-text\" data-field-id=\"2\"><label class=\"wpforms-field-label\" for=\"wpforms-5085-field_2\">Correo electr\u00f3nico<\/label><input type=\"text\" id=\"wpforms-5085-field_2\" class=\"wpforms-field-large\" name=\"wpforms[fields][2]\" aria-errormessage=\"wpforms-5085-field_2-error\" ><\/div><div id=\"wpforms-5085-field_3-container\" class=\"wpforms-field wpforms-field-file-upload\" data-field-id=\"3\"><label class=\"wpforms-field-label\" for=\"wpforms-5085-field_3\">Env\u00edo de tu CV<\/label><div\n\t\tclass=\"wpforms-uploader\"\n\t\tdata-field-id=\"3\"\n\t\tdata-form-id=\"5085\"\n\t\tdata-input-name=\"wpforms_5085_3\"\n\t\tdata-extensions=\"pdf,png,jpg,doc\"\n\t\tdata-max-size=\"524288000\"\n\t\tdata-max-file-number=\"1\"\n\t\tdata-post-max-size=\"524288000\"\n\t\tdata-max-parallel-uploads=\"4\"\n\t\tdata-parallel-uploads=\"true\"\n\t\tdata-file-chunk-size=\"2097152\">\n\t<div class=\"dz-message\">\n\t\t<svg viewBox=\"0 0 1024 1024\" focusable=\"false\" data-icon=\"inbox\" width=\"50px\" height=\"50px\" fill=\"currentColor\" aria-hidden=\"true\">\n\t\t\t<path d=\"M885.2 446.3l-.2-.8-112.2-285.1c-5-16.1-19.9-27.2-36.8-27.2H281.2c-17 0-32.1 11.3-36.9 27.6L139.4 443l-.3.7-.2.8c-1.3 4.9-1.7 9.9-1 14.8-.1 1.6-.2 3.2-.2 4.8V830a60.9 60.9 0 0 0 60.8 60.8h627.2c33.5 0 60.8-27.3 60.9-60.8V464.1c0-1.3 0-2.6-.1-3.7.4-4.9 0-9.6-1.3-14.1zm-295.8-43l-.3 15.7c-.8 44.9-31.8 75.1-77.1 75.1-22.1 0-41.1-7.1-54.8-20.6S436 441.2 435.6 419l-.3-15.7H229.5L309 210h399.2l81.7 193.3H589.4zm-375 76.8h157.3c24.3 57.1 76 90.8 140.4 90.8 33.7 0 65-9.4 90.3-27.2 22.2-15.6 39.5-37.4 50.7-63.6h156.5V814H214.4V480.1z\"><\/path>\n\t\t<\/svg>\n\t\t<span class=\"modern-title\">Haz clic o arrastra un archivo a esta \u00e1rea para subirlo.<\/span>\n\n\t\t\t<\/div>\n<\/div>\n<input\n\t\ttype=\"text\"\n\t\tautocomplete=\"off\"\n\t\treadonly\n\t\tclass=\"dropzone-input\"\n\t\tstyle=\"position:absolute!important;clip:rect(0,0,0,0)!important;height:1px!important;width:1px!important;border:0!important;overflow:hidden!important;padding:0!important;margin:0!important;\"\n\t\tid=\"wpforms-5085-field_3\"\n\t\tname=\"wpforms_5085_3\" \t\tvalue=\"\">\n<\/div><\/div><!-- .wpforms-field-container --><div class=\"wpforms-submit-container\" ><input type=\"hidden\" name=\"wpforms[id]\" value=\"5085\"><input type=\"hidden\" name=\"page_title\" value=\"\"><input type=\"hidden\" name=\"page_url\" value=\"https:\/\/www.sathel.com.br\/es\/wp-json\/wp\/v2\/pages\/5066\"><input type=\"hidden\" name=\"url_referer\" value=\"\"><button type=\"submit\" name=\"wpforms[submit]\" id=\"wpforms-submit-5085\" class=\"wpforms-submit\" data-alt-text=\"Env\u00edo\u2026\" data-submit-text=\"Para enviar\" aria-live=\"assertive\" value=\"wpforms-submit\">Para enviar<\/button><img loading=\"lazy\" decoding=\"async\" src=\"https:\/\/www.sathel.com.br\/wp-content\/plugins\/wpforms\/assets\/images\/submit-spin.svg\" class=\"wpforms-submit-spinner\" style=\"display: none;\" width=\"26\" height=\"26\" alt=\"Cargando\"><\/div><\/form><\/div>  <!-- .wpforms-container -->[\/vc_column][\/vc_row]<\/p>\n<\/div>","protected":false},"excerpt":{"rendered":"<p>[vc_row][vc_column][\/vc_column][\/vc_row]<\/p>\n","protected":false},"author":1,"featured_media":0,"parent":0,"menu_order":0,"comment_status":"closed","ping_status":"closed","template":"","meta":{"_joinchat":[],"footnotes":""},"class_list":["post-5066","page","type-page","status-publish","hentry"],"acf":[],"yoast_head":"<!-- This site is optimized with the Yoast SEO plugin v27.3 - https:\/\/yoast.com\/product\/yoast-seo-wordpress\/ -->\n<title>Trabaja con nosotros &#187; Sathel Energia<\/title>\n<meta name=\"robots\" content=\"index, follow, max-snippet:-1, max-image-preview:large, max-video-preview:-1\" \/>\n<link rel=\"canonical\" href=\"https:\/\/www.sathel.com.br\/es\/trabaja-con-nosotros\/\" \/>\n<meta property=\"og:locale\" content=\"es_ES\" \/>\n<meta property=\"og:type\" content=\"article\" \/>\n<meta property=\"og:title\" content=\"Trabaja con nosotros &#187; Sathel Energia\" \/>\n<meta property=\"og:description\" content=\"[vc_row][vc_column][\/vc_column][\/vc_row]\" \/>\n<meta property=\"og:url\" content=\"https:\/\/www.sathel.com.br\/es\/trabaja-con-nosotros\/\" \/>\n<meta property=\"og:site_name\" content=\"Sathel Energia\" \/>\n<meta property=\"article:publisher\" content=\"https:\/\/www.facebook.com\/sathelcaldeiras\" \/>\n<meta property=\"article:modified_time\" content=\"2026-01-30T19:11:02+00:00\" \/>\n<meta name=\"twitter:card\" content=\"summary_large_image\" \/>\n<meta name=\"twitter:site\" content=\"@SathelEnergia\" \/>\n<meta name=\"twitter:label1\" content=\"Tiempo de lectura\" \/>\n\t<meta name=\"twitter:data1\" content=\"1 minuto\" \/>\n<script type=\"application\/ld+json\" class=\"yoast-schema-graph\">{\"@context\":\"https:\\\/\\\/schema.org\",\"@graph\":[{\"@type\":\"WebPage\",\"@id\":\"https:\\\/\\\/www.sathel.com.br\\\/es\\\/trabaja-con-nosotros\\\/\",\"url\":\"https:\\\/\\\/www.sathel.com.br\\\/es\\\/trabaja-con-nosotros\\\/\",\"name\":\"Trabaja con nosotros &#187; Sathel Energia\",\"isPartOf\":{\"@id\":\"https:\\\/\\\/www.sathel.com.br\\\/#website\"},\"datePublished\":\"2026-01-27T19:09:04+00:00\",\"dateModified\":\"2026-01-30T19:11:02+00:00\",\"breadcrumb\":{\"@id\":\"https:\\\/\\\/www.sathel.com.br\\\/es\\\/trabaja-con-nosotros\\\/#breadcrumb\"},\"inLanguage\":\"es\",\"potentialAction\":[{\"@type\":\"ReadAction\",\"target\":[\"https:\\\/\\\/www.sathel.com.br\\\/es\\\/trabaja-con-nosotros\\\/\"]}]},{\"@type\":\"BreadcrumbList\",\"@id\":\"https:\\\/\\\/www.sathel.com.br\\\/es\\\/trabaja-con-nosotros\\\/#breadcrumb\",\"itemListElement\":[{\"@type\":\"ListItem\",\"position\":1,\"name\":\"In\u00edcio\",\"item\":\"https:\\\/\\\/www.sathel.com.br\\\/es\\\/\"},{\"@type\":\"ListItem\",\"position\":2,\"name\":\"Trabaja con nosotros\"}]},{\"@type\":\"WebSite\",\"@id\":\"https:\\\/\\\/www.sathel.com.br\\\/#website\",\"url\":\"https:\\\/\\\/www.sathel.com.br\\\/\",\"name\":\"Sathel Energia\",\"description\":\"A SATHEL disp\u00f5e de um grande estoque de Caldeiras aquatubulares e flamotubulares para qualquer aplica\u00e7\u00e3o industrial nas op\u00e7\u00f5es de loca\u00e7\u00e3o e vendas atendendo diversas faixas de capacidade, press\u00e3o de trabalho e combust\u00edveis.\",\"potentialAction\":[{\"@type\":\"SearchAction\",\"target\":{\"@type\":\"EntryPoint\",\"urlTemplate\":\"https:\\\/\\\/www.sathel.com.br\\\/?s={search_term_string}\"},\"query-input\":{\"@type\":\"PropertyValueSpecification\",\"valueRequired\":true,\"valueName\":\"search_term_string\"}}],\"inLanguage\":\"es\"}]}<\/script>\n<!-- \/ Yoast SEO plugin. -->","yoast_head_json":{"title":"Trabaja con nosotros &#187; Sathel Energia","robots":{"index":"index","follow":"follow","max-snippet":"max-snippet:-1","max-image-preview":"max-image-preview:large","max-video-preview":"max-video-preview:-1"},"canonical":"https:\/\/www.sathel.com.br\/es\/trabaja-con-nosotros\/","og_locale":"es_ES","og_type":"article","og_title":"Trabaja con nosotros &#187; Sathel Energia","og_description":"[vc_row][vc_column][\/vc_column][\/vc_row]","og_url":"https:\/\/www.sathel.com.br\/es\/trabaja-con-nosotros\/","og_site_name":"Sathel Energia","article_publisher":"https:\/\/www.facebook.com\/sathelcaldeiras","article_modified_time":"2026-01-30T19:11:02+00:00","twitter_card":"summary_large_image","twitter_site":"@SathelEnergia","twitter_misc":{"Tiempo de lectura":"1 minuto"},"schema":{"@context":"https:\/\/schema.org","@graph":[{"@type":"WebPage","@id":"https:\/\/www.sathel.com.br\/es\/trabaja-con-nosotros\/","url":"https:\/\/www.sathel.com.br\/es\/trabaja-con-nosotros\/","name":"Trabaja con nosotros &#187; Sathel Energia","isPartOf":{"@id":"https:\/\/www.sathel.com.br\/#website"},"datePublished":"2026-01-27T19:09:04+00:00","dateModified":"2026-01-30T19:11:02+00:00","breadcrumb":{"@id":"https:\/\/www.sathel.com.br\/es\/trabaja-con-nosotros\/#breadcrumb"},"inLanguage":"es","potentialAction":[{"@type":"ReadAction","target":["https:\/\/www.sathel.com.br\/es\/trabaja-con-nosotros\/"]}]},{"@type":"BreadcrumbList","@id":"https:\/\/www.sathel.com.br\/es\/trabaja-con-nosotros\/#breadcrumb","itemListElement":[{"@type":"ListItem","position":1,"name":"In\u00edcio","item":"https:\/\/www.sathel.com.br\/es\/"},{"@type":"ListItem","position":2,"name":"Trabaja con nosotros"}]},{"@type":"WebSite","@id":"https:\/\/www.sathel.com.br\/#website","url":"https:\/\/www.sathel.com.br\/","name":"Sathel Energia","description":"A SATHEL disp\u00f5e de um grande estoque de Caldeiras aquatubulares e flamotubulares para qualquer aplica\u00e7\u00e3o industrial nas op\u00e7\u00f5es de loca\u00e7\u00e3o e vendas atendendo diversas faixas de capacidade, press\u00e3o de trabalho e combust\u00edveis.","potentialAction":[{"@type":"SearchAction","target":{"@type":"EntryPoint","urlTemplate":"https:\/\/www.sathel.com.br\/?s={search_term_string}"},"query-input":{"@type":"PropertyValueSpecification","valueRequired":true,"valueName":"search_term_string"}}],"inLanguage":"es"}]}},"_links":{"self":[{"href":"https:\/\/www.sathel.com.br\/es\/wp-json\/wp\/v2\/pages\/5066","targetHints":{"allow":["GET"]}}],"collection":[{"href":"https:\/\/www.sathel.com.br\/es\/wp-json\/wp\/v2\/pages"}],"about":[{"href":"https:\/\/www.sathel.com.br\/es\/wp-json\/wp\/v2\/types\/page"}],"author":[{"embeddable":true,"href":"https:\/\/www.sathel.com.br\/es\/wp-json\/wp\/v2\/users\/1"}],"replies":[{"embeddable":true,"href":"https:\/\/www.sathel.com.br\/es\/wp-json\/wp\/v2\/comments?post=5066"}],"version-history":[{"count":3,"href":"https:\/\/www.sathel.com.br\/es\/wp-json\/wp\/v2\/pages\/5066\/revisions"}],"predecessor-version":[{"id":5091,"href":"https:\/\/www.sathel.com.br\/es\/wp-json\/wp\/v2\/pages\/5066\/revisions\/5091"}],"wp:attachment":[{"href":"https:\/\/www.sathel.com.br\/es\/wp-json\/wp\/v2\/media?parent=5066"}],"curies":[{"name":"wp","href":"https:\/\/api.w.org\/{rel}","templated":true}]}}