{"id":675,"date":"2015-09-29T17:23:47","date_gmt":"2015-09-29T17:23:47","guid":{"rendered":"http:\/\/www.sathel.com.br\/es\/pagina-inicial\/"},"modified":"2025-11-22T09:20:47","modified_gmt":"2025-11-22T12:20:47","slug":"pagina-inicial","status":"publish","type":"page","link":"https:\/\/www.sathel.com.br\/es\/","title":{"rendered":"P\u00e1gina Inicial"},"content":{"rendered":"<div class=\"wpb-content-wrapper\"><p>[vc_row full_width=\u00bbstretch_row\u00bb css=\u00bb.vc_custom_1760101411246{padding-top: 5px !important;padding-bottom: 5px !important;background-color: #FF5800 !important;}\u00bb][vc_column][vc_row_inner][vc_column_inner width=\u00bb2\/3&#8243;][vc_column_text css=\u00bb\u00bb]<\/p>\n<h3 style=\"text-align: center;\"><span style=\"color: #ffffff;\"><em>Varias calderas de gran capacidad en alquiler<\/em><\/span><\/h3>\n<p>[\/vc_column_text][\/vc_column_inner][vc_column_inner width=\u00bb1\/3&#8243; css=\u00bb.vc_custom_1759494469989{margin-top: 0px !important;margin-bottom: 0px !important;}\u00bb][vc_btn title=\u00bbCONSULTA LA LISTA DE CALDERAS\u00bb style=\u00bbcustom\u00bb custom_background=\u00bb#1D1663&#8243; custom_text=\u00bb#FFFFFF\u00bb shape=\u00bbsquare\u00bb align=\u00bbcenter\u00bb css=\u00bb.vc_custom_1763812825949{margin-top: -10px !important;margin-bottom: 0px !important;}\u00bb link=\u00bburl:%2Fequipamento-da-locacao%2F|title:Equipamentos%20para%20Loca%C3%A7%C3%A3o\u00bb][\/vc_column_inner][\/vc_row_inner][\/vc_column][\/vc_row][vc_row][vc_column][\/vc_column][\/vc_row][vc_row][vc_column width=\u00bb1\/2&#8243;][vc_single_image image=\u00bb4670&#8243; img_size=\u00bbfull\u00bb css=\u00bb.vc_custom_1760104535456{margin-bottom: 0px !important;}\u00bb][\/vc_column][vc_column width=\u00bb1\/2&#8243;][vc_custom_heading text=\u00bbGarantice eficiencia, seguridad y rendimiento con la empresa l\u00edder en calderas.\u00bb font_container=\u00bbtag:h2|font_size:28|text_align:left|color:%23F26522|line_height:1&#8243; use_theme_fonts=\u00bbyes\u00bb css=\u00bb\u00bb][vc_empty_space][vc_custom_heading text=\u00bbDurante m\u00e1s de 50 a\u00f1os, hemos ofrecido soluciones integrales para la instalaci\u00f3n, el mantenimiento y la operaci\u00f3n de calderas industriales. Nuestro compromiso es garantizar el m\u00e1ximo rendimiento, seguridad y ahorro energ\u00e9tico en cada proyecto.\u00bb font_container=\u00bbtag:h4|font_size:18|text_align:left|color:%23000000|line_height:2&#8243; use_theme_fonts=\u00bbyes\u00bb css=\u00bb\u00bb][vc_empty_space][vc_custom_heading text=\u00bbCuente con un equipo especializado para mantener su producci\u00f3n funcionando sin problemas y cumpliendo con los est\u00e1ndares t\u00e9cnicos y de calidad ISO 9001.\u00bb font_container=\u00bbtag:h4|font_size:18|text_align:left|color:%23000000|line_height:2&#8243; use_theme_fonts=\u00bbyes\u00bb css=\u00bb\u00bb][vc_empty_space height=\u00bb80&#8243;][vc_row_inner][vc_column_inner width=\u00bb1\/3&#8243;][vc_btn title=\u00bbALQUILER DE CALDERAS\u00bb style=\u00bbcustom\u00bb custom_background=\u00bb#FF5800&#8243; custom_text=\u00bb#FFFFFF\u00bb shape=\u00bbsquare\u00bb size=\u00bblg\u00bb align=\u00bbcenter\u00bb css=\u00bb\u00bb link=\u00bburl:%2Flocacao-de-caldeiras%2F|title:Loca%C3%A7%C3%A3o%20de%20Caldeiras\u00bb][\/vc_column_inner][vc_column_inner width=\u00bb1\/3&#8243;][vc_btn title=\u00bbVENTAS DE<br \/>\nSTEAM\u00bb style=\u00bbcustom\u00bb custom_background=\u00bb#FF5800&#8243; custom_text=\u00bb#FFFFFF\u00bb shape=\u00bbsquare\u00bb size=\u00bblg\u00bb align=\u00bbcenter\u00bb css=\u00bb\u00bb link=\u00bburl:%2Fvenda-de-vapor%2F|title:Venda%20de%20Vapor\u00bb][\/vc_column_inner][vc_column_inner width=\u00bb1\/3&#8243;][vc_btn title=\u00bbMANTENIMIENTO DE CALDERAS\u00bb style=\u00bbcustom\u00bb custom_background=\u00bb#FF5800&#8243; custom_text=\u00bb#FFFFFF\u00bb shape=\u00bbsquare\u00bb size=\u00bblg\u00bb align=\u00bbcenter\u00bb css=\u00bb\u00bb link=\u00bburl:%2Fmanutencao-de-caldeiras%2F|title:Manuten%C3%A7%C3%A3o%20de%20caldeiras\u00bb][\/vc_column_inner][\/vc_row_inner][\/vc_column][\/vc_row][vc_row][vc_column][vc_empty_space][\/vc_column][\/vc_row][vc_row full_width=\u00bbstretch_row\u00bb css=\u00bb.vc_custom_1759494338197{padding-top: 5px !important;padding-bottom: 5px !important;background-color: #1D1663 !important;}\u00bb][vc_column][vc_row_inner][vc_column_inner width=\u00bb2\/3&#8243;][vc_column_text css=\u00bb\u00bb]<\/p>\n<h3 style=\"text-align: center;\"><span style=\"color: #ffffff;\"><em>Ingenier\u00eda, Transporte, Montaje, Operaci\u00f3n y Mantenimiento<\/em><\/span><\/h3>\n<p>[\/vc_column_text][\/vc_column_inner][vc_column_inner width=\u00bb1\/3&#8243; css=\u00bb.vc_custom_1759494469989{margin-top: 0px !important;margin-bottom: 0px !important;}\u00bb][vc_btn title=\u00bbQUIERO UNA COTIZACI\u00d3N\u00bb style=\u00bbcustom\u00bb custom_background=\u00bb#FF5800&#8243; custom_text=\u00bb#FFFFFF\u00bb shape=\u00bbsquare\u00bb align=\u00bbcenter\u00bb css=\u00bb.vc_custom_1763813844979{margin-top: -10px !important;margin-bottom: 0px !important;}\u00bb link=\u00bburl:%2Forcamento%2F|title:Or%C3%A7amento\u00bb][\/vc_column_inner][\/vc_row_inner][\/vc_column][\/vc_row][vc_row][vc_column][vc_empty_space][\/vc_column][\/vc_row][vc_row][vc_column][vc_basic_grid post_type=\u00bbpost\u00bb max_items=\u00bb3&#8243; initial_loading_animation=\u00bbnone\u00bb css=\u00bb.vc_custom_1760099572302{margin-bottom: 0px !important;}\u00bb grid_id=\u00bbvc_gid:1763813590254-f255be38-de24-10&#8243; taxonomies=\u00bb27, 34, 31&#8243;][\/vc_column][\/vc_row][vc_row][vc_column][vc_empty_space][\/vc_column][\/vc_row][vc_row full_width=\u00bbstretch_row\u00bb css=\u00bb.vc_custom_1759495318714{background-color: #F26522 !important;}\u00bb][vc_column][vc_row_inner][vc_column_inner width=\u00bb2\/3&#8243;][vc_column_text css=\u00bb\u00bb]<\/p>\n<h3 style=\"text-align: center;\"><span style=\"color: #ffffff;\"><em>Compromiso con la calidad: Empresa certificada ISO.<\/em><\/span><\/h3>\n<p>[\/vc_column_text][\/vc_column_inner][vc_column_inner width=\u00bb1\/3&#8243; css=\u00bb.vc_custom_1759494469989{margin-top: 0px !important;margin-bottom: 0px !important;}\u00bb][vc_btn title=\u00bbM\u00c1S INFORMACI\u00d3N\u00bb style=\u00bbcustom\u00bb custom_background=\u00bb#1D1663&#8243; custom_text=\u00bb#FFFFFF\u00bb shape=\u00bbsquare\u00bb align=\u00bbcenter\u00bb css=\u00bb.vc_custom_1763813974750{margin-top: -10px !important;margin-bottom: 0px !important;}\u00bb link=\u00bburl:%2Fcategory%2Fcertificacoes-iso%2F|title:ISO%209001%2F2015&#8243;][\/vc_column_inner][\/vc_row_inner][\/vc_column][\/vc_row]<\/p>\n<\/div>","protected":false},"excerpt":{"rendered":"<p>[vc_row full_width=\u00bbstretch_row\u00bb css=\u00bb.vc_custom_1760101411246{padding-top: 5px !important;padding-bottom: 5px !important;background-color: #FF5800 !important;}\u00bb][vc_column][vc_row_inner][vc_column_inner width=\u00bb2\/3&#8243;][vc_column_text css=\u00bb\u00bb] Varias calderas de gran capacidad en alquiler [\/vc_column_text][\/vc_column_inner][vc_column_inner width=\u00bb1\/3&#8243; css=\u00bb.vc_custom_1759494469989{margin-top: 0px !important;margin-bottom: 0px !important;}\u00bb][vc_btn title=\u00bbCONSULTA LA LISTA DE CALDERAS\u00bb style=\u00bbcustom\u00bb custom_background=\u00bb#1D1663&#8243; custom_text=\u00bb#FFFFFF\u00bb shape=\u00bbsquare\u00bb align=\u00bbcenter\u00bb css=\u00bb.vc_custom_1763812825949{margin-top: -10px !important;margin-bottom: 0px !important;}\u00bb link=\u00bburl:%2Fequipamento-da-locacao%2F|title:Equipamentos%20para%20Loca%C3%A7%C3%A3o\u00bb][\/vc_column_inner][\/vc_row_inner][\/vc_column][\/vc_row][vc_row][vc_column][\/vc_column][\/vc_row][vc_row][vc_column width=\u00bb1\/2&#8243;][vc_single_image image=\u00bb4670&#8243; img_size=\u00bbfull\u00bb css=\u00bb.vc_custom_1760104535456{margin-bottom: 0px !important;}\u00bb][\/vc_column][vc_column width=\u00bb1\/2&#8243;][vc_custom_heading text=\u00bbGarantice eficiencia, seguridad y rendimiento con la [&hellip;]<\/p>\n","protected":false},"author":1,"featured_media":0,"parent":0,"menu_order":0,"comment_status":"closed","ping_status":"closed","template":"home.php","meta":{"_joinchat":[],"footnotes":""},"class_list":["post-675","page","type-page","status-publish","hentry"],"acf":[],"yoast_head":"<!-- This site is optimized with the Yoast SEO plugin v27.3 - https:\/\/yoast.com\/product\/yoast-seo-wordpress\/ -->\n<title>P\u00e1gina Inicial &#187; Sathel Energia<\/title>\n<meta name=\"robots\" content=\"index, follow, max-snippet:-1, max-image-preview:large, max-video-preview:-1\" \/>\n<link rel=\"canonical\" href=\"https:\/\/www.sathel.com.br\/es\/\" \/>\n<meta property=\"og:locale\" content=\"es_ES\" \/>\n<meta property=\"og:type\" content=\"article\" \/>\n<meta property=\"og:title\" content=\"P\u00e1gina Inicial &#187; Sathel Energia\" \/>\n<meta property=\"og:description\" content=\"[vc_row full_width=\u00bbstretch_row\u00bb css=\u00bb.vc_custom_1760101411246{padding-top: 5px !important;padding-bottom: 5px !important;background-color: #FF5800 !important;}\u00bb][vc_column][vc_row_inner][vc_column_inner width=\u00bb2\/3&#8243;][vc_column_text css=\u00bb\u00bb] Varias calderas de gran capacidad en alquiler [\/vc_column_text][\/vc_column_inner][vc_column_inner width=\u00bb1\/3&#8243; css=\u00bb.vc_custom_1759494469989{margin-top: 0px !important;margin-bottom: 0px !important;}\u00bb][vc_btn title=\u00bbCONSULTA LA LISTA DE CALDERAS\u00bb style=\u00bbcustom\u00bb custom_background=\u00bb#1D1663&#8243; custom_text=\u00bb#FFFFFF\u00bb shape=\u00bbsquare\u00bb align=\u00bbcenter\u00bb css=\u00bb.vc_custom_1763812825949{margin-top: -10px !important;margin-bottom: 0px !important;}\u00bb link=\u00bburl:%2Fequipamento-da-locacao%2F|title:Equipamentos%20para%20Loca%C3%A7%C3%A3o\u00bb][\/vc_column_inner][\/vc_row_inner][\/vc_column][\/vc_row][vc_row][vc_column][\/vc_column][\/vc_row][vc_row][vc_column width=\u00bb1\/2&#8243;][vc_single_image image=\u00bb4670&#8243; img_size=\u00bbfull\u00bb css=\u00bb.vc_custom_1760104535456{margin-bottom: 0px !important;}\u00bb][\/vc_column][vc_column width=\u00bb1\/2&#8243;][vc_custom_heading text=\u00bbGarantice eficiencia, seguridad y rendimiento con la [&hellip;]\" \/>\n<meta property=\"og:url\" content=\"https:\/\/www.sathel.com.br\/es\/\" \/>\n<meta property=\"og:site_name\" content=\"Sathel Energia\" \/>\n<meta property=\"article:publisher\" content=\"https:\/\/www.facebook.com\/sathelcaldeiras\" \/>\n<meta property=\"article:modified_time\" content=\"2025-11-22T12:20:47+00:00\" \/>\n<meta name=\"twitter:card\" content=\"summary_large_image\" \/>\n<meta name=\"twitter:site\" content=\"@SathelEnergia\" \/>\n<meta name=\"twitter:label1\" content=\"Tiempo de lectura\" \/>\n\t<meta name=\"twitter:data1\" content=\"2 minutos\" \/>\n<script type=\"application\/ld+json\" class=\"yoast-schema-graph\">{\"@context\":\"https:\\\/\\\/schema.org\",\"@graph\":[{\"@type\":\"WebPage\",\"@id\":\"https:\\\/\\\/www.sathel.com.br\\\/es\\\/\",\"url\":\"https:\\\/\\\/www.sathel.com.br\\\/es\\\/\",\"name\":\"P\u00e1gina Inicial &#187; Sathel Energia\",\"isPartOf\":{\"@id\":\"https:\\\/\\\/www.sathel.com.br\\\/#website\"},\"datePublished\":\"2015-09-29T17:23:47+00:00\",\"dateModified\":\"2025-11-22T12:20:47+00:00\",\"breadcrumb\":{\"@id\":\"https:\\\/\\\/www.sathel.com.br\\\/es\\\/#breadcrumb\"},\"inLanguage\":\"es\",\"potentialAction\":[{\"@type\":\"ReadAction\",\"target\":[\"https:\\\/\\\/www.sathel.com.br\\\/es\\\/\"]}]},{\"@type\":\"BreadcrumbList\",\"@id\":\"https:\\\/\\\/www.sathel.com.br\\\/es\\\/#breadcrumb\",\"itemListElement\":[{\"@type\":\"ListItem\",\"position\":1,\"name\":\"In\u00edcio\",\"item\":\"https:\\\/\\\/www.sathel.com.br\\\/es\\\/\"},{\"@type\":\"ListItem\",\"position\":2,\"name\":\"P\u00e1gina Inicial\"}]},{\"@type\":\"WebSite\",\"@id\":\"https:\\\/\\\/www.sathel.com.br\\\/#website\",\"url\":\"https:\\\/\\\/www.sathel.com.br\\\/\",\"name\":\"Sathel Energia\",\"description\":\"A SATHEL disp\u00f5e de um grande estoque de Caldeiras aquatubulares e flamotubulares para qualquer aplica\u00e7\u00e3o industrial nas op\u00e7\u00f5es de loca\u00e7\u00e3o e vendas atendendo diversas faixas de capacidade, press\u00e3o de trabalho e combust\u00edveis.\",\"potentialAction\":[{\"@type\":\"SearchAction\",\"target\":{\"@type\":\"EntryPoint\",\"urlTemplate\":\"https:\\\/\\\/www.sathel.com.br\\\/?s={search_term_string}\"},\"query-input\":{\"@type\":\"PropertyValueSpecification\",\"valueRequired\":true,\"valueName\":\"search_term_string\"}}],\"inLanguage\":\"es\"}]}<\/script>\n<!-- \/ Yoast SEO plugin. -->","yoast_head_json":{"title":"P\u00e1gina Inicial &#187; Sathel Energia","robots":{"index":"index","follow":"follow","max-snippet":"max-snippet:-1","max-image-preview":"max-image-preview:large","max-video-preview":"max-video-preview:-1"},"canonical":"https:\/\/www.sathel.com.br\/es\/","og_locale":"es_ES","og_type":"article","og_title":"P\u00e1gina Inicial &#187; Sathel Energia","og_description":"[vc_row full_width=\u00bbstretch_row\u00bb css=\u00bb.vc_custom_1760101411246{padding-top: 5px !important;padding-bottom: 5px !important;background-color: #FF5800 !important;}\u00bb][vc_column][vc_row_inner][vc_column_inner width=\u00bb2\/3&#8243;][vc_column_text css=\u00bb\u00bb] Varias calderas de gran capacidad en alquiler [\/vc_column_text][\/vc_column_inner][vc_column_inner width=\u00bb1\/3&#8243; css=\u00bb.vc_custom_1759494469989{margin-top: 0px !important;margin-bottom: 0px !important;}\u00bb][vc_btn title=\u00bbCONSULTA LA LISTA DE CALDERAS\u00bb style=\u00bbcustom\u00bb custom_background=\u00bb#1D1663&#8243; custom_text=\u00bb#FFFFFF\u00bb shape=\u00bbsquare\u00bb align=\u00bbcenter\u00bb css=\u00bb.vc_custom_1763812825949{margin-top: -10px !important;margin-bottom: 0px !important;}\u00bb link=\u00bburl:%2Fequipamento-da-locacao%2F|title:Equipamentos%20para%20Loca%C3%A7%C3%A3o\u00bb][\/vc_column_inner][\/vc_row_inner][\/vc_column][\/vc_row][vc_row][vc_column][\/vc_column][\/vc_row][vc_row][vc_column width=\u00bb1\/2&#8243;][vc_single_image image=\u00bb4670&#8243; img_size=\u00bbfull\u00bb css=\u00bb.vc_custom_1760104535456{margin-bottom: 0px !important;}\u00bb][\/vc_column][vc_column width=\u00bb1\/2&#8243;][vc_custom_heading text=\u00bbGarantice eficiencia, seguridad y rendimiento con la [&hellip;]","og_url":"https:\/\/www.sathel.com.br\/es\/","og_site_name":"Sathel Energia","article_publisher":"https:\/\/www.facebook.com\/sathelcaldeiras","article_modified_time":"2025-11-22T12:20:47+00:00","twitter_card":"summary_large_image","twitter_site":"@SathelEnergia","twitter_misc":{"Tiempo de lectura":"2 minutos"},"schema":{"@context":"https:\/\/schema.org","@graph":[{"@type":"WebPage","@id":"https:\/\/www.sathel.com.br\/es\/","url":"https:\/\/www.sathel.com.br\/es\/","name":"P\u00e1gina Inicial &#187; Sathel Energia","isPartOf":{"@id":"https:\/\/www.sathel.com.br\/#website"},"datePublished":"2015-09-29T17:23:47+00:00","dateModified":"2025-11-22T12:20:47+00:00","breadcrumb":{"@id":"https:\/\/www.sathel.com.br\/es\/#breadcrumb"},"inLanguage":"es","potentialAction":[{"@type":"ReadAction","target":["https:\/\/www.sathel.com.br\/es\/"]}]},{"@type":"BreadcrumbList","@id":"https:\/\/www.sathel.com.br\/es\/#breadcrumb","itemListElement":[{"@type":"ListItem","position":1,"name":"In\u00edcio","item":"https:\/\/www.sathel.com.br\/es\/"},{"@type":"ListItem","position":2,"name":"P\u00e1gina Inicial"}]},{"@type":"WebSite","@id":"https:\/\/www.sathel.com.br\/#website","url":"https:\/\/www.sathel.com.br\/","name":"Sathel Energia","description":"A SATHEL disp\u00f5e de um grande estoque de Caldeiras aquatubulares e flamotubulares para qualquer aplica\u00e7\u00e3o industrial nas op\u00e7\u00f5es de loca\u00e7\u00e3o e vendas atendendo diversas faixas de capacidade, press\u00e3o de trabalho e combust\u00edveis.","potentialAction":[{"@type":"SearchAction","target":{"@type":"EntryPoint","urlTemplate":"https:\/\/www.sathel.com.br\/?s={search_term_string}"},"query-input":{"@type":"PropertyValueSpecification","valueRequired":true,"valueName":"search_term_string"}}],"inLanguage":"es"}]}},"_links":{"self":[{"href":"https:\/\/www.sathel.com.br\/es\/wp-json\/wp\/v2\/pages\/675","targetHints":{"allow":["GET"]}}],"collection":[{"href":"https:\/\/www.sathel.com.br\/es\/wp-json\/wp\/v2\/pages"}],"about":[{"href":"https:\/\/www.sathel.com.br\/es\/wp-json\/wp\/v2\/types\/page"}],"author":[{"embeddable":true,"href":"https:\/\/www.sathel.com.br\/es\/wp-json\/wp\/v2\/users\/1"}],"replies":[{"embeddable":true,"href":"https:\/\/www.sathel.com.br\/es\/wp-json\/wp\/v2\/comments?post=675"}],"version-history":[{"count":34,"href":"https:\/\/www.sathel.com.br\/es\/wp-json\/wp\/v2\/pages\/675\/revisions"}],"predecessor-version":[{"id":5019,"href":"https:\/\/www.sathel.com.br\/es\/wp-json\/wp\/v2\/pages\/675\/revisions\/5019"}],"wp:attachment":[{"href":"https:\/\/www.sathel.com.br\/es\/wp-json\/wp\/v2\/media?parent=675"}],"curies":[{"name":"wp","href":"https:\/\/api.w.org\/{rel}","templated":true}]}}